{"id":4798,"date":"2018-12-24T07:29:40","date_gmt":"2018-12-24T07:29:40","guid":{"rendered":"https:\/\/farmletsa.com\/index.php\/our-story\/"},"modified":"2023-09-29T03:34:00","modified_gmt":"2023-09-29T03:34:00","slug":"nuestra-historia","status":"publish","type":"page","link":"https:\/\/farmletsa.com\/index.php\/nuestra-historia\/","title":{"rendered":"HISTORIA DE LOS LABORATORIOS"},"content":{"rendered":"<section class=\"wpb-content-wrapper\">[vc_row][vc_column]<section id='posts_grid_69eccc7e0fc86' class='content_top news hovernone blog_post posts_grid post_posts_grid posts_grid_checkerboard posts_grid_grid'><div class='cws_vc_shortcode_wrapper'><div class='cws_vc_shortcode_grid grid layout-checkerboard'><article id='post_post_69eccc7e10434' class=\"item post no_likes post_post posts_grid_post  post-6524 type-post status-publish format-standard has-post-thumbnail hentry category-timeline\"><div class='post_wrapper post_post_wrapper posts_grid_post_wrapper clearfix'>\t\t\t\t<div class=\"floated_media post_floated_media posts_grid_floated_media_wrapper\">\n\t\t\t\t\t<div class=\"floated_media_wrapper post_floated_media_wrapper posts_grid_floated_media_wrapper\">\n\t\t\t\t\t<div class='post_media post_post_media posts_grid_post_media'><div class='pic'><img src='https:\/\/farmletsa.com\/wp-content\/uploads\/2019\/05\/1_024901b90_6712.jpg' data-at2x='https:\/\/farmletsa.com\/wp-content\/uploads\/2019\/05\/1_024901b90_6712@2x.jpg'  alt='1' \/><div class='hover-effect'><\/div><\/div><\/div>\t\t\t\t\t<\/div>\n\t\t\t\t<\/div>\n\t\t\t<div class='post_post_info posts_grid_post_info'><h3 class='post_title post_post_title posts_grid_post_title'><a href='https:\/\/farmletsa.com\/index.php\/2019\/05\/29\/organic-green-line\/'>UCBVET<\/a><\/h3><div class='post_content post_post_content posts_grid_post_content clearfix'><p>En 1917, nace la idea de UCBVET, en S\u00e3o Paulo, Brasil, que pronto se convirti\u00f3 en una referencia en salud y bienestar animal.\u00a0Los a\u00f1os siguientes est\u00e1n marcados por muchos desaf\u00edos. Productos y marcas consagradas en la medicina veterinaria que se mantienen en el mercado hasta hoy, demostrando la inmensa visi\u00f3n de su fundador.<\/p>\n<\/div><\/div><\/div><\/article><article id='post_post_69eccc7e10bc4' class=\"item post no_likes post_post posts_grid_post  post-6522 type-post status-publish format-standard has-post-thumbnail hentry category-timeline\"><div class='post_wrapper post_post_wrapper posts_grid_post_wrapper clearfix'>\t\t\t\t<div class=\"floated_media post_floated_media posts_grid_floated_media_wrapper\">\n\t\t\t\t\t<div class=\"floated_media_wrapper post_floated_media_wrapper posts_grid_floated_media_wrapper\">\n\t\t\t\t\t<div class='post_media post_post_media posts_grid_post_media'><div class='pic'><img src='https:\/\/farmletsa.com\/wp-content\/uploads\/2018\/05\/2_024901b90_6733.jpg' data-at2x='https:\/\/farmletsa.com\/wp-content\/uploads\/2018\/05\/2_024901b90_6733@2x.jpg'  alt='2' \/><div class='hover-effect'><\/div><\/div><\/div>\t\t\t\t\t<\/div>\n\t\t\t\t<\/div>\n\t\t\t<div class='post_post_info posts_grid_post_info'><h3 class='post_title post_post_title posts_grid_post_title'><a href='https:\/\/farmletsa.com\/index.php\/2018\/05\/29\/quimtia\/'>QUIMTIA<\/a><\/h3><div class='post_content post_post_content posts_grid_post_content clearfix'><p>Con m\u00e1s de 55 a\u00f1os de experiencia, QUIMTIA es una empresa peruana, que opera en el mercado de distribuci\u00f3n de productos qu\u00edmicos para Latinoam\u00e9rica. Maneja un amplio portafolio de productos, servicios y conocimientos generando valor para nuestros clientes, representadas y las personas que forman parte de ellos.<\/p>\n<\/div><\/div><\/div><\/article><article id='post_post_69eccc7e11039' class=\"item post no_likes post_post posts_grid_post  post-6520 type-post status-publish format-standard has-post-thumbnail hentry category-timeline\"><div class='post_wrapper post_post_wrapper posts_grid_post_wrapper clearfix'>\t\t\t\t<div class=\"floated_media post_floated_media posts_grid_floated_media_wrapper\">\n\t\t\t\t\t<div class=\"floated_media_wrapper post_floated_media_wrapper posts_grid_floated_media_wrapper\">\n\t\t\t\t\t<div class='post_media post_post_media posts_grid_post_media'><div class='pic'><img src='https:\/\/farmletsa.com\/wp-content\/uploads\/2017\/05\/3_024901b90_6736.jpg' data-at2x='https:\/\/farmletsa.com\/wp-content\/uploads\/2017\/05\/3_024901b90_6736@2x.jpg'  alt='3' \/><div class='hover-effect'><\/div><\/div><\/div>\t\t\t\t\t<\/div>\n\t\t\t\t<\/div>\n\t\t\t<div class='post_post_info posts_grid_post_info'><h3 class='post_title post_post_title posts_grid_post_title'><a href='https:\/\/farmletsa.com\/index.php\/2017\/05\/29\/norvet\/'>NORVET<\/a><\/h3><div class='post_content post_post_content posts_grid_post_content clearfix'><p>Laboratorios Norvet es una empresa orgullosamente mexicana. Fundada el 25 de junio de 1999, con la visi\u00f3n de servir a la salud animal ofreciendo productos de calidad.<\/p>\n<\/div><\/div><\/div><\/article><article id='post_post_69eccc7e1149e' class=\"item post no_likes post_post posts_grid_post  post-6518 type-post status-publish format-standard has-post-thumbnail hentry category-timeline\"><div class='post_wrapper post_post_wrapper posts_grid_post_wrapper clearfix'>\t\t\t\t<div class=\"floated_media post_floated_media posts_grid_floated_media_wrapper\">\n\t\t\t\t\t<div class=\"floated_media_wrapper post_floated_media_wrapper posts_grid_floated_media_wrapper\">\n\t\t\t\t\t<div class='post_media post_post_media posts_grid_post_media'><div class='pic'><img src='https:\/\/farmletsa.com\/wp-content\/uploads\/2016\/05\/cath_036602910_6740-copia_024901b90_6912.jpg' data-no-retina  alt='cath_036602910_6740 copia' \/><div class='hover-effect'><\/div><\/div><\/div>\t\t\t\t\t<\/div>\n\t\t\t\t<\/div>\n\t\t\t<div class='post_post_info posts_grid_post_info'><h3 class='post_title post_post_title posts_grid_post_title'><a href='https:\/\/farmletsa.com\/index.php\/2016\/05\/29\/catch-master\/'>CATCH MASTER<\/a><\/h3><div class='post_content post_post_content posts_grid_post_content clearfix'><p>Con m\u00e1s de 70 a\u00f1os de innovaci\u00f3n en trampas, CATCH MASTER es la marca l\u00edder en Estados Unidos. Proporcionando los mejores productos de control de plagas a base de PEGAMENTO de la industria. Protege tu hogar de insectos y roedores con los mejores productos.<\/p>\n<\/div><\/div><\/div><\/article><\/div><\/div><\/section>[\/vc_column][\/vc_row][vc_row][vc_column]<div class=\"cws_spacing cws_spacing_size_sm_desctop-on cws_spacing_tablet-on cws_spacing_mobile-on\"><div class=\"cws_spacing cws_spacing_default\" style=\"height:60px;\"><\/div> <div class=\"cws_spacing cws_spacing_size_sm_desctop\" style=\"height:60px;\"><\/div> <div class=\"cws_spacing cws_spacing_tablet\" style=\"height:30px;\"><\/div> <div class=\"cws_spacing cws_spacing_mobile\" style=\"height:30px;\"><\/div><\/div><div class='cws_textmodule cws_vc_shortcode_module  vc_custom_1695958431456' id='cws_textmodule_69eccc7e11bb8'><div class='cws_textmodule_wrapper icon_pos_above'><div class='cws_textmodule_text text_align_center'><div class='cws_textmodule_titles'><div class='cws_textmodule_aside'><\/div><\/div><div class='cws_textmodule_content'><div class='text_content_wrapper'><p style=\"text-align: center;\"><em>En Farmlet S.A., nuestros socios son el coraz\u00f3n de nuestra misi\u00f3n. Compartimos una pasi\u00f3n inquebrantable por los animales y estamos comprometidos a proporcionar soluciones de vanguardia a trav\u00e9s de productos veterinarios especialmente dise\u00f1ados para el cuidado y tratamiento de nuestros seres queridos. Juntos, forjamos un equipo dedicado a garantizar la salud y el bienestar de todas las criaturas que llenan nuestros corazones.<\/em><\/p>\n<p style=\"text-align: center;\"><em>Agradecemos a nuestros valiosos socios por ser parte integral de nuestra familia Farmlet y por su continuo apoyo en nuestra b\u00fasqueda de un mundo donde cada animal reciba el amor y la atenci\u00f3n que se merece.<\/em><\/p>\n<\/div><\/div><\/div><\/div><\/div>[\/vc_column][\/vc_row]\n<\/section>","protected":false},"excerpt":{"rendered":"Con m\u00e1s de 70 a\u00f1os de innovaci\u00f3n en trampas, CATCH MASTER es la marca l\u00edder en Estados Unidos. Proporcionando los mejores productos de control de plagas a base de PEGAMENTO de la industria. Protege tu hogar de insectos y roedores con los mejores productos.","protected":false},"author":1,"featured_media":0,"parent":0,"menu_order":0,"comment_status":"closed","ping_status":"closed","template":"","meta":{"footnotes":""},"class_list":["post-4798","page","type-page","status-publish","hentry"],"yoast_head":"<!-- This site is optimized with the Yoast SEO plugin v22.5 - https:\/\/yoast.com\/wordpress\/plugins\/seo\/ -->\n<title>HISTORIA DE LOS LABORATORIOS -<\/title>\n<meta name=\"robots\" content=\"index, follow, max-snippet:-1, max-image-preview:large, max-video-preview:-1\" \/>\n<link rel=\"canonical\" href=\"https:\/\/farmletsa.com\/index.php\/nuestra-historia\/\" \/>\n<meta property=\"og:locale\" content=\"es_ES\" \/>\n<meta property=\"og:type\" content=\"article\" \/>\n<meta property=\"og:title\" content=\"HISTORIA DE LOS LABORATORIOS -\" \/>\n<meta property=\"og:url\" content=\"https:\/\/farmletsa.com\/index.php\/nuestra-historia\/\" \/>\n<meta property=\"article:modified_time\" content=\"2023-09-29T03:34:00+00:00\" \/>\n<meta name=\"twitter:card\" content=\"summary_large_image\" \/>\n<meta name=\"twitter:label1\" content=\"Tiempo de lectura\" \/>\n\t<meta name=\"twitter:data1\" content=\"1 minuto\" \/>\n<script type=\"application\/ld+json\" class=\"yoast-schema-graph\">{\"@context\":\"https:\/\/schema.org\",\"@graph\":[{\"@type\":\"WebPage\",\"@id\":\"https:\/\/farmletsa.com\/index.php\/nuestra-historia\/\",\"url\":\"https:\/\/farmletsa.com\/index.php\/nuestra-historia\/\",\"name\":\"HISTORIA DE LOS LABORATORIOS -\",\"isPartOf\":{\"@id\":\"https:\/\/farmletsa.com\/#website\"},\"datePublished\":\"2018-12-24T07:29:40+00:00\",\"dateModified\":\"2023-09-29T03:34:00+00:00\",\"breadcrumb\":{\"@id\":\"https:\/\/farmletsa.com\/index.php\/nuestra-historia\/#breadcrumb\"},\"inLanguage\":\"es\",\"potentialAction\":[{\"@type\":\"ReadAction\",\"target\":[\"https:\/\/farmletsa.com\/index.php\/nuestra-historia\/\"]}]},{\"@type\":\"BreadcrumbList\",\"@id\":\"https:\/\/farmletsa.com\/index.php\/nuestra-historia\/#breadcrumb\",\"itemListElement\":[{\"@type\":\"ListItem\",\"position\":1,\"name\":\"Portada\",\"item\":\"https:\/\/farmletsa.com\/\"},{\"@type\":\"ListItem\",\"position\":2,\"name\":\"HISTORIA DE LOS LABORATORIOS\"}]},{\"@type\":\"WebSite\",\"@id\":\"https:\/\/farmletsa.com\/#website\",\"url\":\"https:\/\/farmletsa.com\/\",\"name\":\"Farmletsa\",\"description\":\"\",\"publisher\":{\"@id\":\"https:\/\/farmletsa.com\/#organization\"},\"potentialAction\":[{\"@type\":\"SearchAction\",\"target\":{\"@type\":\"EntryPoint\",\"urlTemplate\":\"https:\/\/farmletsa.com\/?s={search_term_string}\"},\"query-input\":\"required name=search_term_string\"}],\"inLanguage\":\"es\"},{\"@type\":\"Organization\",\"@id\":\"https:\/\/farmletsa.com\/#organization\",\"name\":\"Farmletsa\",\"url\":\"https:\/\/farmletsa.com\/\",\"logo\":{\"@type\":\"ImageObject\",\"inLanguage\":\"es\",\"@id\":\"https:\/\/farmletsa.com\/#\/schema\/logo\/image\/\",\"url\":\"https:\/\/farmletsa.com\/wp-content\/uploads\/2023\/09\/cow-copia.webp\",\"contentUrl\":\"https:\/\/farmletsa.com\/wp-content\/uploads\/2023\/09\/cow-copia.webp\",\"width\":500,\"height\":700,\"caption\":\"Farmletsa\"},\"image\":{\"@id\":\"https:\/\/farmletsa.com\/#\/schema\/logo\/image\/\"}}]}<\/script>\n<!-- \/ Yoast SEO plugin. -->","yoast_head_json":{"title":"HISTORIA DE LOS LABORATORIOS -","robots":{"index":"index","follow":"follow","max-snippet":"max-snippet:-1","max-image-preview":"max-image-preview:large","max-video-preview":"max-video-preview:-1"},"canonical":"https:\/\/farmletsa.com\/index.php\/nuestra-historia\/","og_locale":"es_ES","og_type":"article","og_title":"HISTORIA DE LOS LABORATORIOS -","og_url":"https:\/\/farmletsa.com\/index.php\/nuestra-historia\/","article_modified_time":"2023-09-29T03:34:00+00:00","twitter_card":"summary_large_image","twitter_misc":{"Tiempo de lectura":"1 minuto"},"schema":{"@context":"https:\/\/schema.org","@graph":[{"@type":"WebPage","@id":"https:\/\/farmletsa.com\/index.php\/nuestra-historia\/","url":"https:\/\/farmletsa.com\/index.php\/nuestra-historia\/","name":"HISTORIA DE LOS LABORATORIOS -","isPartOf":{"@id":"https:\/\/farmletsa.com\/#website"},"datePublished":"2018-12-24T07:29:40+00:00","dateModified":"2023-09-29T03:34:00+00:00","breadcrumb":{"@id":"https:\/\/farmletsa.com\/index.php\/nuestra-historia\/#breadcrumb"},"inLanguage":"es","potentialAction":[{"@type":"ReadAction","target":["https:\/\/farmletsa.com\/index.php\/nuestra-historia\/"]}]},{"@type":"BreadcrumbList","@id":"https:\/\/farmletsa.com\/index.php\/nuestra-historia\/#breadcrumb","itemListElement":[{"@type":"ListItem","position":1,"name":"Portada","item":"https:\/\/farmletsa.com\/"},{"@type":"ListItem","position":2,"name":"HISTORIA DE LOS LABORATORIOS"}]},{"@type":"WebSite","@id":"https:\/\/farmletsa.com\/#website","url":"https:\/\/farmletsa.com\/","name":"Farmletsa","description":"","publisher":{"@id":"https:\/\/farmletsa.com\/#organization"},"potentialAction":[{"@type":"SearchAction","target":{"@type":"EntryPoint","urlTemplate":"https:\/\/farmletsa.com\/?s={search_term_string}"},"query-input":"required name=search_term_string"}],"inLanguage":"es"},{"@type":"Organization","@id":"https:\/\/farmletsa.com\/#organization","name":"Farmletsa","url":"https:\/\/farmletsa.com\/","logo":{"@type":"ImageObject","inLanguage":"es","@id":"https:\/\/farmletsa.com\/#\/schema\/logo\/image\/","url":"https:\/\/farmletsa.com\/wp-content\/uploads\/2023\/09\/cow-copia.webp","contentUrl":"https:\/\/farmletsa.com\/wp-content\/uploads\/2023\/09\/cow-copia.webp","width":500,"height":700,"caption":"Farmletsa"},"image":{"@id":"https:\/\/farmletsa.com\/#\/schema\/logo\/image\/"}}]}},"_links":{"self":[{"href":"https:\/\/farmletsa.com\/index.php\/wp-json\/wp\/v2\/pages\/4798","targetHints":{"allow":["GET"]}}],"collection":[{"href":"https:\/\/farmletsa.com\/index.php\/wp-json\/wp\/v2\/pages"}],"about":[{"href":"https:\/\/farmletsa.com\/index.php\/wp-json\/wp\/v2\/types\/page"}],"author":[{"embeddable":true,"href":"https:\/\/farmletsa.com\/index.php\/wp-json\/wp\/v2\/users\/1"}],"replies":[{"embeddable":true,"href":"https:\/\/farmletsa.com\/index.php\/wp-json\/wp\/v2\/comments?post=4798"}],"version-history":[{"count":18,"href":"https:\/\/farmletsa.com\/index.php\/wp-json\/wp\/v2\/pages\/4798\/revisions"}],"predecessor-version":[{"id":6961,"href":"https:\/\/farmletsa.com\/index.php\/wp-json\/wp\/v2\/pages\/4798\/revisions\/6961"}],"wp:attachment":[{"href":"https:\/\/farmletsa.com\/index.php\/wp-json\/wp\/v2\/media?parent=4798"}],"curies":[{"name":"wp","href":"https:\/\/api.w.org\/{rel}","templated":true}]}}