{"id":4594,"date":"2018-12-18T07:44:18","date_gmt":"2018-12-18T07:44:18","guid":{"rendered":"https:\/\/farmletsa.com\/index.php\/product\/packaging-mockup-pouch\/"},"modified":"2023-09-29T03:23:53","modified_gmt":"2023-09-29T03:23:53","slug":"ispervic-turbo-3-15","status":"publish","type":"product","link":"https:\/\/farmletsa.com\/index.php\/product\/ispervic-turbo-3-15\/","title":{"rendered":"Ispervic Turbo 3.15"},"content":{"rendered":"","protected":false},"excerpt":{"rendered":"<p>Endectocida de amplio espectro, alta concentraci\u00f3n y larga acci\u00f3n, con veh\u00edculo tixotr\u00f3pico.<\/p>\n<p><strong>Cada 100 ml contiene:<\/strong> Ivermectina 3.15 g, Excipientes c.s.p. 100 ml.<\/p>\n<p><strong>Presentaciones:<\/strong> Frascos de 50, 100, 250 y 500 ml.<\/p>\n<p><img loading=\"lazy\" decoding=\"async\" class=\"alignnone wp-image-6659\" src=\"https:\/\/farmletsa.com\/wp-content\/uploads\/2018\/12\/7.jpg\" alt=\"\" width=\"150\" height=\"72\" srcset=\"https:\/\/farmletsa.com\/wp-content\/uploads\/2018\/12\/7.jpg 187w, https:\/\/farmletsa.com\/wp-content\/uploads\/2018\/12\/7-64x31.jpg 64w\" sizes=\"auto, (max-width: 150px) 100vw, 150px\" \/><\/p>\n","protected":false},"featured_media":6658,"template":"","meta":[],"product_cat":[89],"product_tag":[78],"class_list":{"0":"post-4594","1":"product","2":"type-product","3":"status-publish","4":"has-post-thumbnail","6":"product_cat-antiparasitario-ganaderia","7":"product_tag-quimtia","9":"first","10":"instock","11":"shipping-taxable","12":"product-type-simple"},"yoast_head":"<!-- This site is optimized with the Yoast SEO plugin v22.5 - https:\/\/yoast.com\/wordpress\/plugins\/seo\/ -->\n<title>Ispervic Turbo 3.15 -<\/title>\n<meta name=\"robots\" content=\"index, follow, max-snippet:-1, max-image-preview:large, max-video-preview:-1\" \/>\n<link rel=\"canonical\" href=\"https:\/\/farmletsa.com\/index.php\/product\/ispervic-turbo-3-15\/\" \/>\n<meta property=\"og:locale\" content=\"es_ES\" \/>\n<meta property=\"og:type\" content=\"article\" \/>\n<meta property=\"og:title\" content=\"Ispervic Turbo 3.15 -\" \/>\n<meta property=\"og:description\" content=\"Endectocida de amplio espectro, alta concentraci\u00f3n y larga acci\u00f3n, con veh\u00edculo tixotr\u00f3pico.  Cada 100 ml contiene: Ivermectina 3.15 g, Excipientes c.s.p. 100 ml.  Presentaciones: Frascos de 50, 100, 250 y 500 ml.\" \/>\n<meta property=\"og:url\" content=\"https:\/\/farmletsa.com\/index.php\/product\/ispervic-turbo-3-15\/\" \/>\n<meta property=\"article:modified_time\" content=\"2023-09-29T03:23:53+00:00\" \/>\n<meta property=\"og:image\" content=\"https:\/\/farmletsa.com\/wp-content\/uploads\/2018\/12\/8.png\" \/>\n\t<meta property=\"og:image:width\" content=\"750\" \/>\n\t<meta property=\"og:image:height\" content=\"750\" \/>\n\t<meta property=\"og:image:type\" content=\"image\/png\" \/>\n<meta name=\"twitter:card\" content=\"summary_large_image\" \/>\n<script type=\"application\/ld+json\" class=\"yoast-schema-graph\">{\"@context\":\"https:\/\/schema.org\",\"@graph\":[{\"@type\":\"WebPage\",\"@id\":\"https:\/\/farmletsa.com\/index.php\/product\/ispervic-turbo-3-15\/\",\"url\":\"https:\/\/farmletsa.com\/index.php\/product\/ispervic-turbo-3-15\/\",\"name\":\"Ispervic Turbo 3.15 -\",\"isPartOf\":{\"@id\":\"https:\/\/farmletsa.com\/#website\"},\"primaryImageOfPage\":{\"@id\":\"https:\/\/farmletsa.com\/index.php\/product\/ispervic-turbo-3-15\/#primaryimage\"},\"image\":{\"@id\":\"https:\/\/farmletsa.com\/index.php\/product\/ispervic-turbo-3-15\/#primaryimage\"},\"thumbnailUrl\":\"https:\/\/farmletsa.com\/wp-content\/uploads\/2018\/12\/8.png\",\"datePublished\":\"2018-12-18T07:44:18+00:00\",\"dateModified\":\"2023-09-29T03:23:53+00:00\",\"breadcrumb\":{\"@id\":\"https:\/\/farmletsa.com\/index.php\/product\/ispervic-turbo-3-15\/#breadcrumb\"},\"inLanguage\":\"es\",\"potentialAction\":[{\"@type\":\"ReadAction\",\"target\":[\"https:\/\/farmletsa.com\/index.php\/product\/ispervic-turbo-3-15\/\"]}]},{\"@type\":\"ImageObject\",\"inLanguage\":\"es\",\"@id\":\"https:\/\/farmletsa.com\/index.php\/product\/ispervic-turbo-3-15\/#primaryimage\",\"url\":\"https:\/\/farmletsa.com\/wp-content\/uploads\/2018\/12\/8.png\",\"contentUrl\":\"https:\/\/farmletsa.com\/wp-content\/uploads\/2018\/12\/8.png\",\"width\":750,\"height\":750},{\"@type\":\"BreadcrumbList\",\"@id\":\"https:\/\/farmletsa.com\/index.php\/product\/ispervic-turbo-3-15\/#breadcrumb\",\"itemListElement\":[{\"@type\":\"ListItem\",\"position\":1,\"name\":\"Portada\",\"item\":\"https:\/\/farmletsa.com\/\"},{\"@type\":\"ListItem\",\"position\":2,\"name\":\"Cat\u00e1logo\",\"item\":\"https:\/\/farmletsa.com\/index.php\/catalogo\/\"},{\"@type\":\"ListItem\",\"position\":3,\"name\":\"Ispervic Turbo 3.15\"}]},{\"@type\":\"WebSite\",\"@id\":\"https:\/\/farmletsa.com\/#website\",\"url\":\"https:\/\/farmletsa.com\/\",\"name\":\"Farmletsa\",\"description\":\"\",\"publisher\":{\"@id\":\"https:\/\/farmletsa.com\/#organization\"},\"potentialAction\":[{\"@type\":\"SearchAction\",\"target\":{\"@type\":\"EntryPoint\",\"urlTemplate\":\"https:\/\/farmletsa.com\/?s={search_term_string}\"},\"query-input\":\"required name=search_term_string\"}],\"inLanguage\":\"es\"},{\"@type\":\"Organization\",\"@id\":\"https:\/\/farmletsa.com\/#organization\",\"name\":\"Farmletsa\",\"url\":\"https:\/\/farmletsa.com\/\",\"logo\":{\"@type\":\"ImageObject\",\"inLanguage\":\"es\",\"@id\":\"https:\/\/farmletsa.com\/#\/schema\/logo\/image\/\",\"url\":\"https:\/\/farmletsa.com\/wp-content\/uploads\/2023\/09\/cow-copia.webp\",\"contentUrl\":\"https:\/\/farmletsa.com\/wp-content\/uploads\/2023\/09\/cow-copia.webp\",\"width\":500,\"height\":700,\"caption\":\"Farmletsa\"},\"image\":{\"@id\":\"https:\/\/farmletsa.com\/#\/schema\/logo\/image\/\"}}]}<\/script>\n<!-- \/ Yoast SEO plugin. -->","yoast_head_json":{"title":"Ispervic Turbo 3.15 -","robots":{"index":"index","follow":"follow","max-snippet":"max-snippet:-1","max-image-preview":"max-image-preview:large","max-video-preview":"max-video-preview:-1"},"canonical":"https:\/\/farmletsa.com\/index.php\/product\/ispervic-turbo-3-15\/","og_locale":"es_ES","og_type":"article","og_title":"Ispervic Turbo 3.15 -","og_description":"Endectocida de amplio espectro, alta concentraci\u00f3n y larga acci\u00f3n, con veh\u00edculo tixotr\u00f3pico.  Cada 100 ml contiene: Ivermectina 3.15 g, Excipientes c.s.p. 100 ml.  Presentaciones: Frascos de 50, 100, 250 y 500 ml.","og_url":"https:\/\/farmletsa.com\/index.php\/product\/ispervic-turbo-3-15\/","article_modified_time":"2023-09-29T03:23:53+00:00","og_image":[{"width":750,"height":750,"url":"https:\/\/farmletsa.com\/wp-content\/uploads\/2018\/12\/8.png","type":"image\/png"}],"twitter_card":"summary_large_image","schema":{"@context":"https:\/\/schema.org","@graph":[{"@type":"WebPage","@id":"https:\/\/farmletsa.com\/index.php\/product\/ispervic-turbo-3-15\/","url":"https:\/\/farmletsa.com\/index.php\/product\/ispervic-turbo-3-15\/","name":"Ispervic Turbo 3.15 -","isPartOf":{"@id":"https:\/\/farmletsa.com\/#website"},"primaryImageOfPage":{"@id":"https:\/\/farmletsa.com\/index.php\/product\/ispervic-turbo-3-15\/#primaryimage"},"image":{"@id":"https:\/\/farmletsa.com\/index.php\/product\/ispervic-turbo-3-15\/#primaryimage"},"thumbnailUrl":"https:\/\/farmletsa.com\/wp-content\/uploads\/2018\/12\/8.png","datePublished":"2018-12-18T07:44:18+00:00","dateModified":"2023-09-29T03:23:53+00:00","breadcrumb":{"@id":"https:\/\/farmletsa.com\/index.php\/product\/ispervic-turbo-3-15\/#breadcrumb"},"inLanguage":"es","potentialAction":[{"@type":"ReadAction","target":["https:\/\/farmletsa.com\/index.php\/product\/ispervic-turbo-3-15\/"]}]},{"@type":"ImageObject","inLanguage":"es","@id":"https:\/\/farmletsa.com\/index.php\/product\/ispervic-turbo-3-15\/#primaryimage","url":"https:\/\/farmletsa.com\/wp-content\/uploads\/2018\/12\/8.png","contentUrl":"https:\/\/farmletsa.com\/wp-content\/uploads\/2018\/12\/8.png","width":750,"height":750},{"@type":"BreadcrumbList","@id":"https:\/\/farmletsa.com\/index.php\/product\/ispervic-turbo-3-15\/#breadcrumb","itemListElement":[{"@type":"ListItem","position":1,"name":"Portada","item":"https:\/\/farmletsa.com\/"},{"@type":"ListItem","position":2,"name":"Cat\u00e1logo","item":"https:\/\/farmletsa.com\/index.php\/catalogo\/"},{"@type":"ListItem","position":3,"name":"Ispervic Turbo 3.15"}]},{"@type":"WebSite","@id":"https:\/\/farmletsa.com\/#website","url":"https:\/\/farmletsa.com\/","name":"Farmletsa","description":"","publisher":{"@id":"https:\/\/farmletsa.com\/#organization"},"potentialAction":[{"@type":"SearchAction","target":{"@type":"EntryPoint","urlTemplate":"https:\/\/farmletsa.com\/?s={search_term_string}"},"query-input":"required name=search_term_string"}],"inLanguage":"es"},{"@type":"Organization","@id":"https:\/\/farmletsa.com\/#organization","name":"Farmletsa","url":"https:\/\/farmletsa.com\/","logo":{"@type":"ImageObject","inLanguage":"es","@id":"https:\/\/farmletsa.com\/#\/schema\/logo\/image\/","url":"https:\/\/farmletsa.com\/wp-content\/uploads\/2023\/09\/cow-copia.webp","contentUrl":"https:\/\/farmletsa.com\/wp-content\/uploads\/2023\/09\/cow-copia.webp","width":500,"height":700,"caption":"Farmletsa"},"image":{"@id":"https:\/\/farmletsa.com\/#\/schema\/logo\/image\/"}}]}},"_links":{"self":[{"href":"https:\/\/farmletsa.com\/index.php\/wp-json\/wp\/v2\/product\/4594","targetHints":{"allow":["GET"]}}],"collection":[{"href":"https:\/\/farmletsa.com\/index.php\/wp-json\/wp\/v2\/product"}],"about":[{"href":"https:\/\/farmletsa.com\/index.php\/wp-json\/wp\/v2\/types\/product"}],"wp:featuredmedia":[{"embeddable":true,"href":"https:\/\/farmletsa.com\/index.php\/wp-json\/wp\/v2\/media\/6658"}],"wp:attachment":[{"href":"https:\/\/farmletsa.com\/index.php\/wp-json\/wp\/v2\/media?parent=4594"}],"wp:term":[{"taxonomy":"product_cat","embeddable":true,"href":"https:\/\/farmletsa.com\/index.php\/wp-json\/wp\/v2\/product_cat?post=4594"},{"taxonomy":"product_tag","embeddable":true,"href":"https:\/\/farmletsa.com\/index.php\/wp-json\/wp\/v2\/product_tag?post=4594"}],"curies":[{"name":"wp","href":"https:\/\/api.w.org\/{rel}","templated":true}]}}