{"id":4614,"date":"2018-12-18T08:02:48","date_gmt":"2018-12-18T08:02:48","guid":{"rendered":"https:\/\/farmletsa.com\/index.php\/product\/green-papaya\/"},"modified":"2023-09-22T15:06:26","modified_gmt":"2023-09-22T15:06:26","slug":"sorovita-complex","status":"publish","type":"product","link":"https:\/\/farmletsa.com\/index.php\/product\/sorovita-complex\/","title":{"rendered":"Sorovita Complex"},"content":{"rendered":"","protected":false},"excerpt":{"rendered":"<p>Complejo vitam\u00ednico mineral con aporte de amino\u00e1cidos de alta absorci\u00f3n, apto para diversas especies animales.<\/p>\n<p><strong>Cada 500 ml contiene:<\/strong> Vitamina B1 500 mg, Vitamina B2 80 mg, Vitamina B6 125 mg, Nicotinamida 1200 mg, Dextrosa 60.000 mg, Cloruro de sodio 3000 mg, Cloruro de potasio 200 mg, Cloruro de calcio 120 mg, Cloruro de magnesio 50 mg, Metionina DL 3000 mg, Cloruro de colina 1500 mg, Agua bidestilada qsp 495ml.<\/p>\n<p>Ampolla de 5 ml, que contiene 10 mg de vitamina B12.<\/p>\n<p><strong>Presentaciones:<\/strong> Frasco de 500 ml con ampolla de 10 mg de Vitamina B12, equipo de venoclisis.<\/p>\n<p><img loading=\"lazy\" decoding=\"async\" class=\"alignnone size-medium wp-image-6689\" src=\"https:\/\/farmletsa.com\/wp-content\/uploads\/2018\/12\/ki-300x61.jpg\" alt=\"\" width=\"300\" height=\"61\" srcset=\"https:\/\/farmletsa.com\/wp-content\/uploads\/2018\/12\/ki-300x61.jpg 300w, https:\/\/farmletsa.com\/wp-content\/uploads\/2018\/12\/ki-64x13.jpg 64w, https:\/\/farmletsa.com\/wp-content\/uploads\/2018\/12\/ki.jpg 443w\" sizes=\"auto, (max-width: 300px) 100vw, 300px\" \/><\/p>\n","protected":false},"featured_media":6688,"template":"","meta":[],"product_cat":[80,86],"product_tag":[79],"class_list":{"0":"post-4614","1":"product","2":"type-product","3":"status-publish","4":"has-post-thumbnail","6":"product_cat-reconstituyentes","7":"product_cat-reconstituyentes-mascotas","8":"product_tag-ucbvet","10":"first","11":"instock","12":"shipping-taxable","13":"product-type-simple"},"yoast_head":"<!-- This site is optimized with the Yoast SEO plugin v22.5 - https:\/\/yoast.com\/wordpress\/plugins\/seo\/ -->\n<title>Sorovita Complex -<\/title>\n<meta name=\"robots\" content=\"index, follow, max-snippet:-1, max-image-preview:large, max-video-preview:-1\" \/>\n<link rel=\"canonical\" href=\"https:\/\/farmletsa.com\/index.php\/product\/sorovita-complex\/\" \/>\n<meta property=\"og:locale\" content=\"es_ES\" \/>\n<meta property=\"og:type\" content=\"article\" \/>\n<meta property=\"og:title\" content=\"Sorovita Complex -\" \/>\n<meta property=\"og:description\" content=\"Complejo vitam\u00ednico mineral con aporte de amino\u00e1cidos de alta absorci\u00f3n, apto para diversas especies animales.  Cada 500 ml contiene: Vitamina B1 500 mg, Vitamina B2 80 mg, Vitamina B6 125 mg, Nicotinamida 1200 mg, Dextrosa 60.000 mg, Cloruro de sodio 3000 mg, Cloruro de potasio 200 mg, Cloruro de calcio 120 mg, Cloruro de magnesio 50 mg, Metionina DL 3000 mg, Cloruro de colina 1500 mg, Agua bidestilada qsp 495ml.  Ampolla de 5 ml, que contiene 10 mg de vitamina B12.  Presentaciones: Frasco de 500 ml con ampolla de 10 mg de Vitamina B12, equipo de venoclisis.\" \/>\n<meta property=\"og:url\" content=\"https:\/\/farmletsa.com\/index.php\/product\/sorovita-complex\/\" \/>\n<meta property=\"article:modified_time\" content=\"2023-09-22T15:06:26+00:00\" \/>\n<meta property=\"og:image\" content=\"https:\/\/farmletsa.com\/wp-content\/uploads\/2018\/12\/so.png\" \/>\n\t<meta property=\"og:image:width\" content=\"750\" \/>\n\t<meta property=\"og:image:height\" content=\"750\" \/>\n\t<meta property=\"og:image:type\" content=\"image\/png\" \/>\n<meta name=\"twitter:card\" content=\"summary_large_image\" \/>\n<script type=\"application\/ld+json\" class=\"yoast-schema-graph\">{\"@context\":\"https:\/\/schema.org\",\"@graph\":[{\"@type\":\"WebPage\",\"@id\":\"https:\/\/farmletsa.com\/index.php\/product\/sorovita-complex\/\",\"url\":\"https:\/\/farmletsa.com\/index.php\/product\/sorovita-complex\/\",\"name\":\"Sorovita Complex -\",\"isPartOf\":{\"@id\":\"https:\/\/farmletsa.com\/#website\"},\"primaryImageOfPage\":{\"@id\":\"https:\/\/farmletsa.com\/index.php\/product\/sorovita-complex\/#primaryimage\"},\"image\":{\"@id\":\"https:\/\/farmletsa.com\/index.php\/product\/sorovita-complex\/#primaryimage\"},\"thumbnailUrl\":\"https:\/\/farmletsa.com\/wp-content\/uploads\/2018\/12\/so.png\",\"datePublished\":\"2018-12-18T08:02:48+00:00\",\"dateModified\":\"2023-09-22T15:06:26+00:00\",\"breadcrumb\":{\"@id\":\"https:\/\/farmletsa.com\/index.php\/product\/sorovita-complex\/#breadcrumb\"},\"inLanguage\":\"es\",\"potentialAction\":[{\"@type\":\"ReadAction\",\"target\":[\"https:\/\/farmletsa.com\/index.php\/product\/sorovita-complex\/\"]}]},{\"@type\":\"ImageObject\",\"inLanguage\":\"es\",\"@id\":\"https:\/\/farmletsa.com\/index.php\/product\/sorovita-complex\/#primaryimage\",\"url\":\"https:\/\/farmletsa.com\/wp-content\/uploads\/2018\/12\/so.png\",\"contentUrl\":\"https:\/\/farmletsa.com\/wp-content\/uploads\/2018\/12\/so.png\",\"width\":750,\"height\":750},{\"@type\":\"BreadcrumbList\",\"@id\":\"https:\/\/farmletsa.com\/index.php\/product\/sorovita-complex\/#breadcrumb\",\"itemListElement\":[{\"@type\":\"ListItem\",\"position\":1,\"name\":\"Portada\",\"item\":\"https:\/\/farmletsa.com\/\"},{\"@type\":\"ListItem\",\"position\":2,\"name\":\"Cat\u00e1logo\",\"item\":\"https:\/\/farmletsa.com\/index.php\/catalogo\/\"},{\"@type\":\"ListItem\",\"position\":3,\"name\":\"Sorovita Complex\"}]},{\"@type\":\"WebSite\",\"@id\":\"https:\/\/farmletsa.com\/#website\",\"url\":\"https:\/\/farmletsa.com\/\",\"name\":\"Farmletsa\",\"description\":\"\",\"publisher\":{\"@id\":\"https:\/\/farmletsa.com\/#organization\"},\"potentialAction\":[{\"@type\":\"SearchAction\",\"target\":{\"@type\":\"EntryPoint\",\"urlTemplate\":\"https:\/\/farmletsa.com\/?s={search_term_string}\"},\"query-input\":\"required name=search_term_string\"}],\"inLanguage\":\"es\"},{\"@type\":\"Organization\",\"@id\":\"https:\/\/farmletsa.com\/#organization\",\"name\":\"Farmletsa\",\"url\":\"https:\/\/farmletsa.com\/\",\"logo\":{\"@type\":\"ImageObject\",\"inLanguage\":\"es\",\"@id\":\"https:\/\/farmletsa.com\/#\/schema\/logo\/image\/\",\"url\":\"https:\/\/farmletsa.com\/wp-content\/uploads\/2023\/09\/cow-copia.webp\",\"contentUrl\":\"https:\/\/farmletsa.com\/wp-content\/uploads\/2023\/09\/cow-copia.webp\",\"width\":500,\"height\":700,\"caption\":\"Farmletsa\"},\"image\":{\"@id\":\"https:\/\/farmletsa.com\/#\/schema\/logo\/image\/\"}}]}<\/script>\n<!-- \/ Yoast SEO plugin. -->","yoast_head_json":{"title":"Sorovita Complex -","robots":{"index":"index","follow":"follow","max-snippet":"max-snippet:-1","max-image-preview":"max-image-preview:large","max-video-preview":"max-video-preview:-1"},"canonical":"https:\/\/farmletsa.com\/index.php\/product\/sorovita-complex\/","og_locale":"es_ES","og_type":"article","og_title":"Sorovita Complex -","og_description":"Complejo vitam\u00ednico mineral con aporte de amino\u00e1cidos de alta absorci\u00f3n, apto para diversas especies animales.  Cada 500 ml contiene: Vitamina B1 500 mg, Vitamina B2 80 mg, Vitamina B6 125 mg, Nicotinamida 1200 mg, Dextrosa 60.000 mg, Cloruro de sodio 3000 mg, Cloruro de potasio 200 mg, Cloruro de calcio 120 mg, Cloruro de magnesio 50 mg, Metionina DL 3000 mg, Cloruro de colina 1500 mg, Agua bidestilada qsp 495ml.  Ampolla de 5 ml, que contiene 10 mg de vitamina B12.  Presentaciones: Frasco de 500 ml con ampolla de 10 mg de Vitamina B12, equipo de venoclisis.","og_url":"https:\/\/farmletsa.com\/index.php\/product\/sorovita-complex\/","article_modified_time":"2023-09-22T15:06:26+00:00","og_image":[{"width":750,"height":750,"url":"https:\/\/farmletsa.com\/wp-content\/uploads\/2018\/12\/so.png","type":"image\/png"}],"twitter_card":"summary_large_image","schema":{"@context":"https:\/\/schema.org","@graph":[{"@type":"WebPage","@id":"https:\/\/farmletsa.com\/index.php\/product\/sorovita-complex\/","url":"https:\/\/farmletsa.com\/index.php\/product\/sorovita-complex\/","name":"Sorovita Complex -","isPartOf":{"@id":"https:\/\/farmletsa.com\/#website"},"primaryImageOfPage":{"@id":"https:\/\/farmletsa.com\/index.php\/product\/sorovita-complex\/#primaryimage"},"image":{"@id":"https:\/\/farmletsa.com\/index.php\/product\/sorovita-complex\/#primaryimage"},"thumbnailUrl":"https:\/\/farmletsa.com\/wp-content\/uploads\/2018\/12\/so.png","datePublished":"2018-12-18T08:02:48+00:00","dateModified":"2023-09-22T15:06:26+00:00","breadcrumb":{"@id":"https:\/\/farmletsa.com\/index.php\/product\/sorovita-complex\/#breadcrumb"},"inLanguage":"es","potentialAction":[{"@type":"ReadAction","target":["https:\/\/farmletsa.com\/index.php\/product\/sorovita-complex\/"]}]},{"@type":"ImageObject","inLanguage":"es","@id":"https:\/\/farmletsa.com\/index.php\/product\/sorovita-complex\/#primaryimage","url":"https:\/\/farmletsa.com\/wp-content\/uploads\/2018\/12\/so.png","contentUrl":"https:\/\/farmletsa.com\/wp-content\/uploads\/2018\/12\/so.png","width":750,"height":750},{"@type":"BreadcrumbList","@id":"https:\/\/farmletsa.com\/index.php\/product\/sorovita-complex\/#breadcrumb","itemListElement":[{"@type":"ListItem","position":1,"name":"Portada","item":"https:\/\/farmletsa.com\/"},{"@type":"ListItem","position":2,"name":"Cat\u00e1logo","item":"https:\/\/farmletsa.com\/index.php\/catalogo\/"},{"@type":"ListItem","position":3,"name":"Sorovita Complex"}]},{"@type":"WebSite","@id":"https:\/\/farmletsa.com\/#website","url":"https:\/\/farmletsa.com\/","name":"Farmletsa","description":"","publisher":{"@id":"https:\/\/farmletsa.com\/#organization"},"potentialAction":[{"@type":"SearchAction","target":{"@type":"EntryPoint","urlTemplate":"https:\/\/farmletsa.com\/?s={search_term_string}"},"query-input":"required name=search_term_string"}],"inLanguage":"es"},{"@type":"Organization","@id":"https:\/\/farmletsa.com\/#organization","name":"Farmletsa","url":"https:\/\/farmletsa.com\/","logo":{"@type":"ImageObject","inLanguage":"es","@id":"https:\/\/farmletsa.com\/#\/schema\/logo\/image\/","url":"https:\/\/farmletsa.com\/wp-content\/uploads\/2023\/09\/cow-copia.webp","contentUrl":"https:\/\/farmletsa.com\/wp-content\/uploads\/2023\/09\/cow-copia.webp","width":500,"height":700,"caption":"Farmletsa"},"image":{"@id":"https:\/\/farmletsa.com\/#\/schema\/logo\/image\/"}}]}},"_links":{"self":[{"href":"https:\/\/farmletsa.com\/index.php\/wp-json\/wp\/v2\/product\/4614","targetHints":{"allow":["GET"]}}],"collection":[{"href":"https:\/\/farmletsa.com\/index.php\/wp-json\/wp\/v2\/product"}],"about":[{"href":"https:\/\/farmletsa.com\/index.php\/wp-json\/wp\/v2\/types\/product"}],"wp:featuredmedia":[{"embeddable":true,"href":"https:\/\/farmletsa.com\/index.php\/wp-json\/wp\/v2\/media\/6688"}],"wp:attachment":[{"href":"https:\/\/farmletsa.com\/index.php\/wp-json\/wp\/v2\/media?parent=4614"}],"wp:term":[{"taxonomy":"product_cat","embeddable":true,"href":"https:\/\/farmletsa.com\/index.php\/wp-json\/wp\/v2\/product_cat?post=4614"},{"taxonomy":"product_tag","embeddable":true,"href":"https:\/\/farmletsa.com\/index.php\/wp-json\/wp\/v2\/product_tag?post=4614"}],"curies":[{"name":"wp","href":"https:\/\/api.w.org\/{rel}","templated":true}]}}