{"id":4635,"date":"2018-12-18T08:17:25","date_gmt":"2018-12-18T08:17:25","guid":{"rendered":"https:\/\/farmletsa.com\/index.php\/product\/organic-coffee-folger-2\/"},"modified":"2023-09-22T14:50:00","modified_gmt":"2023-09-22T14:50:00","slug":"calfodem","status":"publish","type":"product","link":"https:\/\/farmletsa.com\/index.php\/product\/calfodem\/","title":{"rendered":"Calfodem"},"content":{"rendered":"","protected":false},"excerpt":{"rendered":"<p>Balanceada asociaci\u00f3n de Calcio, F\u00f3sforo y Magnesio para el tratamiento de la fiebre de la leche (hipocalcemia) con acci\u00f3n reconstituyente, mineralizante y energ\u00e9tica.<\/p>\n<p><strong>Cada 100 ml contiene:<\/strong> Glucona delta lactona 21,53 g, Carbonato de calcio 4,76 g, Hidr\u00f3xido de magnesio 0,76 g, Hipofosfito de calcio 1,39 g, \u00c1cido b\u00f3rico 4,05 g, Dextrosa USP 15,20 g, Excipientes c.s.p. 100 ml.<\/p>\n<p><strong>Presentaciones:<\/strong> Frascos de 500 ml.<\/p>\n<p><img loading=\"lazy\" decoding=\"async\" class=\"alignnone wp-image-6667\" src=\"https:\/\/farmletsa.com\/wp-content\/uploads\/2018\/12\/nj-300x61.jpg\" alt=\"\" width=\"251\" height=\"51\" srcset=\"https:\/\/farmletsa.com\/wp-content\/uploads\/2018\/12\/nj-300x61.jpg 300w, https:\/\/farmletsa.com\/wp-content\/uploads\/2018\/12\/nj-64x13.jpg 64w, https:\/\/farmletsa.com\/wp-content\/uploads\/2018\/12\/nj.jpg 443w\" sizes=\"auto, (max-width: 251px) 100vw, 251px\" \/><\/p>\n","protected":false},"featured_media":6666,"template":"","meta":[],"product_cat":[80],"product_tag":[78],"class_list":{"0":"post-4635","1":"product","2":"type-product","3":"status-publish","4":"has-post-thumbnail","6":"product_cat-reconstituyentes","7":"product_tag-quimtia","9":"first","10":"instock","11":"shipping-taxable","12":"product-type-simple"},"yoast_head":"<!-- This site is optimized with the Yoast SEO plugin v22.5 - https:\/\/yoast.com\/wordpress\/plugins\/seo\/ -->\n<title>Calfodem -<\/title>\n<meta name=\"robots\" content=\"index, follow, max-snippet:-1, max-image-preview:large, max-video-preview:-1\" \/>\n<link rel=\"canonical\" href=\"https:\/\/farmletsa.com\/index.php\/product\/calfodem\/\" \/>\n<meta property=\"og:locale\" content=\"es_ES\" \/>\n<meta property=\"og:type\" content=\"article\" \/>\n<meta property=\"og:title\" content=\"Calfodem -\" \/>\n<meta property=\"og:description\" content=\"Balanceada asociaci\u00f3n de Calcio, F\u00f3sforo y Magnesio para el tratamiento de la fiebre de la leche (hipocalcemia) con acci\u00f3n reconstituyente, mineralizante y energ\u00e9tica.  Cada 100 ml contiene: Glucona delta lactona 21,53 g, Carbonato de calcio 4,76 g, Hidr\u00f3xido de magnesio 0,76 g, Hipofosfito de calcio 1,39 g, \u00c1cido b\u00f3rico 4,05 g, Dextrosa USP 15,20 g, Excipientes c.s.p. 100 ml.  Presentaciones: Frascos de 500 ml.\" \/>\n<meta property=\"og:url\" content=\"https:\/\/farmletsa.com\/index.php\/product\/calfodem\/\" \/>\n<meta property=\"article:modified_time\" content=\"2023-09-22T14:50:00+00:00\" \/>\n<meta property=\"og:image\" content=\"https:\/\/farmletsa.com\/wp-content\/uploads\/2018\/12\/ji.png\" \/>\n\t<meta property=\"og:image:width\" content=\"750\" \/>\n\t<meta property=\"og:image:height\" content=\"750\" \/>\n\t<meta property=\"og:image:type\" content=\"image\/png\" \/>\n<meta name=\"twitter:card\" content=\"summary_large_image\" \/>\n<script type=\"application\/ld+json\" class=\"yoast-schema-graph\">{\"@context\":\"https:\/\/schema.org\",\"@graph\":[{\"@type\":\"WebPage\",\"@id\":\"https:\/\/farmletsa.com\/index.php\/product\/calfodem\/\",\"url\":\"https:\/\/farmletsa.com\/index.php\/product\/calfodem\/\",\"name\":\"Calfodem -\",\"isPartOf\":{\"@id\":\"https:\/\/farmletsa.com\/#website\"},\"primaryImageOfPage\":{\"@id\":\"https:\/\/farmletsa.com\/index.php\/product\/calfodem\/#primaryimage\"},\"image\":{\"@id\":\"https:\/\/farmletsa.com\/index.php\/product\/calfodem\/#primaryimage\"},\"thumbnailUrl\":\"https:\/\/farmletsa.com\/wp-content\/uploads\/2018\/12\/ji.png\",\"datePublished\":\"2018-12-18T08:17:25+00:00\",\"dateModified\":\"2023-09-22T14:50:00+00:00\",\"breadcrumb\":{\"@id\":\"https:\/\/farmletsa.com\/index.php\/product\/calfodem\/#breadcrumb\"},\"inLanguage\":\"es\",\"potentialAction\":[{\"@type\":\"ReadAction\",\"target\":[\"https:\/\/farmletsa.com\/index.php\/product\/calfodem\/\"]}]},{\"@type\":\"ImageObject\",\"inLanguage\":\"es\",\"@id\":\"https:\/\/farmletsa.com\/index.php\/product\/calfodem\/#primaryimage\",\"url\":\"https:\/\/farmletsa.com\/wp-content\/uploads\/2018\/12\/ji.png\",\"contentUrl\":\"https:\/\/farmletsa.com\/wp-content\/uploads\/2018\/12\/ji.png\",\"width\":750,\"height\":750},{\"@type\":\"BreadcrumbList\",\"@id\":\"https:\/\/farmletsa.com\/index.php\/product\/calfodem\/#breadcrumb\",\"itemListElement\":[{\"@type\":\"ListItem\",\"position\":1,\"name\":\"Portada\",\"item\":\"https:\/\/farmletsa.com\/\"},{\"@type\":\"ListItem\",\"position\":2,\"name\":\"Cat\u00e1logo\",\"item\":\"https:\/\/farmletsa.com\/index.php\/catalogo\/\"},{\"@type\":\"ListItem\",\"position\":3,\"name\":\"Calfodem\"}]},{\"@type\":\"WebSite\",\"@id\":\"https:\/\/farmletsa.com\/#website\",\"url\":\"https:\/\/farmletsa.com\/\",\"name\":\"Farmletsa\",\"description\":\"\",\"publisher\":{\"@id\":\"https:\/\/farmletsa.com\/#organization\"},\"potentialAction\":[{\"@type\":\"SearchAction\",\"target\":{\"@type\":\"EntryPoint\",\"urlTemplate\":\"https:\/\/farmletsa.com\/?s={search_term_string}\"},\"query-input\":\"required name=search_term_string\"}],\"inLanguage\":\"es\"},{\"@type\":\"Organization\",\"@id\":\"https:\/\/farmletsa.com\/#organization\",\"name\":\"Farmletsa\",\"url\":\"https:\/\/farmletsa.com\/\",\"logo\":{\"@type\":\"ImageObject\",\"inLanguage\":\"es\",\"@id\":\"https:\/\/farmletsa.com\/#\/schema\/logo\/image\/\",\"url\":\"https:\/\/farmletsa.com\/wp-content\/uploads\/2023\/09\/cow-copia.webp\",\"contentUrl\":\"https:\/\/farmletsa.com\/wp-content\/uploads\/2023\/09\/cow-copia.webp\",\"width\":500,\"height\":700,\"caption\":\"Farmletsa\"},\"image\":{\"@id\":\"https:\/\/farmletsa.com\/#\/schema\/logo\/image\/\"}}]}<\/script>\n<!-- \/ Yoast SEO plugin. -->","yoast_head_json":{"title":"Calfodem -","robots":{"index":"index","follow":"follow","max-snippet":"max-snippet:-1","max-image-preview":"max-image-preview:large","max-video-preview":"max-video-preview:-1"},"canonical":"https:\/\/farmletsa.com\/index.php\/product\/calfodem\/","og_locale":"es_ES","og_type":"article","og_title":"Calfodem -","og_description":"Balanceada asociaci\u00f3n de Calcio, F\u00f3sforo y Magnesio para el tratamiento de la fiebre de la leche (hipocalcemia) con acci\u00f3n reconstituyente, mineralizante y energ\u00e9tica.  Cada 100 ml contiene: Glucona delta lactona 21,53 g, Carbonato de calcio 4,76 g, Hidr\u00f3xido de magnesio 0,76 g, Hipofosfito de calcio 1,39 g, \u00c1cido b\u00f3rico 4,05 g, Dextrosa USP 15,20 g, Excipientes c.s.p. 100 ml.  Presentaciones: Frascos de 500 ml.","og_url":"https:\/\/farmletsa.com\/index.php\/product\/calfodem\/","article_modified_time":"2023-09-22T14:50:00+00:00","og_image":[{"width":750,"height":750,"url":"https:\/\/farmletsa.com\/wp-content\/uploads\/2018\/12\/ji.png","type":"image\/png"}],"twitter_card":"summary_large_image","schema":{"@context":"https:\/\/schema.org","@graph":[{"@type":"WebPage","@id":"https:\/\/farmletsa.com\/index.php\/product\/calfodem\/","url":"https:\/\/farmletsa.com\/index.php\/product\/calfodem\/","name":"Calfodem -","isPartOf":{"@id":"https:\/\/farmletsa.com\/#website"},"primaryImageOfPage":{"@id":"https:\/\/farmletsa.com\/index.php\/product\/calfodem\/#primaryimage"},"image":{"@id":"https:\/\/farmletsa.com\/index.php\/product\/calfodem\/#primaryimage"},"thumbnailUrl":"https:\/\/farmletsa.com\/wp-content\/uploads\/2018\/12\/ji.png","datePublished":"2018-12-18T08:17:25+00:00","dateModified":"2023-09-22T14:50:00+00:00","breadcrumb":{"@id":"https:\/\/farmletsa.com\/index.php\/product\/calfodem\/#breadcrumb"},"inLanguage":"es","potentialAction":[{"@type":"ReadAction","target":["https:\/\/farmletsa.com\/index.php\/product\/calfodem\/"]}]},{"@type":"ImageObject","inLanguage":"es","@id":"https:\/\/farmletsa.com\/index.php\/product\/calfodem\/#primaryimage","url":"https:\/\/farmletsa.com\/wp-content\/uploads\/2018\/12\/ji.png","contentUrl":"https:\/\/farmletsa.com\/wp-content\/uploads\/2018\/12\/ji.png","width":750,"height":750},{"@type":"BreadcrumbList","@id":"https:\/\/farmletsa.com\/index.php\/product\/calfodem\/#breadcrumb","itemListElement":[{"@type":"ListItem","position":1,"name":"Portada","item":"https:\/\/farmletsa.com\/"},{"@type":"ListItem","position":2,"name":"Cat\u00e1logo","item":"https:\/\/farmletsa.com\/index.php\/catalogo\/"},{"@type":"ListItem","position":3,"name":"Calfodem"}]},{"@type":"WebSite","@id":"https:\/\/farmletsa.com\/#website","url":"https:\/\/farmletsa.com\/","name":"Farmletsa","description":"","publisher":{"@id":"https:\/\/farmletsa.com\/#organization"},"potentialAction":[{"@type":"SearchAction","target":{"@type":"EntryPoint","urlTemplate":"https:\/\/farmletsa.com\/?s={search_term_string}"},"query-input":"required name=search_term_string"}],"inLanguage":"es"},{"@type":"Organization","@id":"https:\/\/farmletsa.com\/#organization","name":"Farmletsa","url":"https:\/\/farmletsa.com\/","logo":{"@type":"ImageObject","inLanguage":"es","@id":"https:\/\/farmletsa.com\/#\/schema\/logo\/image\/","url":"https:\/\/farmletsa.com\/wp-content\/uploads\/2023\/09\/cow-copia.webp","contentUrl":"https:\/\/farmletsa.com\/wp-content\/uploads\/2023\/09\/cow-copia.webp","width":500,"height":700,"caption":"Farmletsa"},"image":{"@id":"https:\/\/farmletsa.com\/#\/schema\/logo\/image\/"}}]}},"_links":{"self":[{"href":"https:\/\/farmletsa.com\/index.php\/wp-json\/wp\/v2\/product\/4635","targetHints":{"allow":["GET"]}}],"collection":[{"href":"https:\/\/farmletsa.com\/index.php\/wp-json\/wp\/v2\/product"}],"about":[{"href":"https:\/\/farmletsa.com\/index.php\/wp-json\/wp\/v2\/types\/product"}],"wp:featuredmedia":[{"embeddable":true,"href":"https:\/\/farmletsa.com\/index.php\/wp-json\/wp\/v2\/media\/6666"}],"wp:attachment":[{"href":"https:\/\/farmletsa.com\/index.php\/wp-json\/wp\/v2\/media?parent=4635"}],"wp:term":[{"taxonomy":"product_cat","embeddable":true,"href":"https:\/\/farmletsa.com\/index.php\/wp-json\/wp\/v2\/product_cat?post=4635"},{"taxonomy":"product_tag","embeddable":true,"href":"https:\/\/farmletsa.com\/index.php\/wp-json\/wp\/v2\/product_tag?post=4635"}],"curies":[{"name":"wp","href":"https:\/\/api.w.org\/{rel}","templated":true}]}}