{"id":4767,"date":"2018-12-21T13:29:34","date_gmt":"2018-12-21T13:29:34","guid":{"rendered":"https:\/\/farmletsa.com\/index.php\/product\/green-peas\/"},"modified":"2023-09-22T15:03:44","modified_gmt":"2023-09-22T15:03:44","slug":"clortetrasone-nf","status":"publish","type":"product","link":"https:\/\/farmletsa.com\/index.php\/product\/clortetrasone-nf\/","title":{"rendered":"Clortetrasone NF"},"content":{"rendered":"","protected":false},"excerpt":{"rendered":"<p><span style=\"font-weight: 400;\">Combinaci\u00f3n antibi\u00f3tica &#8211; antiinflamatoria de amplio espectro y potente acci\u00f3n.<\/span><\/p>\n<p><span style=\"font-weight: 400;\"><strong>Cada 100 ml contiene:<\/strong> Oxitetraciclina 5 g, Florfenicol 10 g, Prednisolona 0.5 g, Lidoca\u00edna 1 g, Excipientes c.s.p. 100 ml.<\/span><\/p>\n<p><span style=\"font-weight: 400;\"><strong>Presentaciones:<\/strong> Frascos de 50 y 100 ml.<\/span><\/p>\n<p><img loading=\"lazy\" decoding=\"async\" class=\"alignnone wp-image-6645\" src=\"https:\/\/farmletsa.com\/wp-content\/uploads\/2018\/12\/1-300x80.jpg\" alt=\"\" width=\"252\" height=\"67\" srcset=\"https:\/\/farmletsa.com\/wp-content\/uploads\/2018\/12\/1-300x80.jpg 300w, https:\/\/farmletsa.com\/wp-content\/uploads\/2018\/12\/1-64x17.jpg 64w, https:\/\/farmletsa.com\/wp-content\/uploads\/2018\/12\/1.jpg 443w\" sizes=\"auto, (max-width: 252px) 100vw, 252px\" \/><\/p>\n","protected":false},"featured_media":6644,"template":"","meta":[],"product_cat":[77,84],"product_tag":[78],"class_list":{"0":"post-4767","1":"product","2":"type-product","3":"status-publish","4":"has-post-thumbnail","6":"product_cat-antibioticos","7":"product_cat-antibioticos-mascotas","8":"product_tag-quimtia","10":"first","11":"instock","12":"shipping-taxable","13":"product-type-simple"},"yoast_head":"<!-- This site is optimized with the Yoast SEO plugin v22.5 - https:\/\/yoast.com\/wordpress\/plugins\/seo\/ -->\n<title>Clortetrasone NF -<\/title>\n<meta name=\"robots\" content=\"index, follow, max-snippet:-1, max-image-preview:large, max-video-preview:-1\" \/>\n<link rel=\"canonical\" href=\"https:\/\/farmletsa.com\/index.php\/product\/clortetrasone-nf\/\" \/>\n<meta property=\"og:locale\" content=\"es_ES\" \/>\n<meta property=\"og:type\" content=\"article\" \/>\n<meta property=\"og:title\" content=\"Clortetrasone NF -\" \/>\n<meta property=\"og:description\" content=\"Combinaci\u00f3n antibi\u00f3tica - antiinflamatoria de amplio espectro y potente acci\u00f3n.  Cada 100 ml contiene: Oxitetraciclina 5 g, Florfenicol 10 g, Prednisolona 0.5 g, Lidoca\u00edna 1 g, Excipientes c.s.p. 100 ml.  Presentaciones: Frascos de 50 y 100 ml.\" \/>\n<meta property=\"og:url\" content=\"https:\/\/farmletsa.com\/index.php\/product\/clortetrasone-nf\/\" \/>\n<meta property=\"article:modified_time\" content=\"2023-09-22T15:03:44+00:00\" \/>\n<meta property=\"og:image\" content=\"https:\/\/farmletsa.com\/wp-content\/uploads\/2018\/12\/clo.png\" \/>\n\t<meta property=\"og:image:width\" content=\"750\" \/>\n\t<meta property=\"og:image:height\" content=\"750\" \/>\n\t<meta property=\"og:image:type\" content=\"image\/png\" \/>\n<meta name=\"twitter:card\" content=\"summary_large_image\" \/>\n<script type=\"application\/ld+json\" class=\"yoast-schema-graph\">{\"@context\":\"https:\/\/schema.org\",\"@graph\":[{\"@type\":\"WebPage\",\"@id\":\"https:\/\/farmletsa.com\/index.php\/product\/clortetrasone-nf\/\",\"url\":\"https:\/\/farmletsa.com\/index.php\/product\/clortetrasone-nf\/\",\"name\":\"Clortetrasone NF -\",\"isPartOf\":{\"@id\":\"https:\/\/farmletsa.com\/#website\"},\"primaryImageOfPage\":{\"@id\":\"https:\/\/farmletsa.com\/index.php\/product\/clortetrasone-nf\/#primaryimage\"},\"image\":{\"@id\":\"https:\/\/farmletsa.com\/index.php\/product\/clortetrasone-nf\/#primaryimage\"},\"thumbnailUrl\":\"https:\/\/farmletsa.com\/wp-content\/uploads\/2018\/12\/clo.png\",\"datePublished\":\"2018-12-21T13:29:34+00:00\",\"dateModified\":\"2023-09-22T15:03:44+00:00\",\"breadcrumb\":{\"@id\":\"https:\/\/farmletsa.com\/index.php\/product\/clortetrasone-nf\/#breadcrumb\"},\"inLanguage\":\"es\",\"potentialAction\":[{\"@type\":\"ReadAction\",\"target\":[\"https:\/\/farmletsa.com\/index.php\/product\/clortetrasone-nf\/\"]}]},{\"@type\":\"ImageObject\",\"inLanguage\":\"es\",\"@id\":\"https:\/\/farmletsa.com\/index.php\/product\/clortetrasone-nf\/#primaryimage\",\"url\":\"https:\/\/farmletsa.com\/wp-content\/uploads\/2018\/12\/clo.png\",\"contentUrl\":\"https:\/\/farmletsa.com\/wp-content\/uploads\/2018\/12\/clo.png\",\"width\":750,\"height\":750},{\"@type\":\"BreadcrumbList\",\"@id\":\"https:\/\/farmletsa.com\/index.php\/product\/clortetrasone-nf\/#breadcrumb\",\"itemListElement\":[{\"@type\":\"ListItem\",\"position\":1,\"name\":\"Portada\",\"item\":\"https:\/\/farmletsa.com\/\"},{\"@type\":\"ListItem\",\"position\":2,\"name\":\"Cat\u00e1logo\",\"item\":\"https:\/\/farmletsa.com\/index.php\/catalogo\/\"},{\"@type\":\"ListItem\",\"position\":3,\"name\":\"Clortetrasone NF\"}]},{\"@type\":\"WebSite\",\"@id\":\"https:\/\/farmletsa.com\/#website\",\"url\":\"https:\/\/farmletsa.com\/\",\"name\":\"Farmletsa\",\"description\":\"\",\"publisher\":{\"@id\":\"https:\/\/farmletsa.com\/#organization\"},\"potentialAction\":[{\"@type\":\"SearchAction\",\"target\":{\"@type\":\"EntryPoint\",\"urlTemplate\":\"https:\/\/farmletsa.com\/?s={search_term_string}\"},\"query-input\":\"required name=search_term_string\"}],\"inLanguage\":\"es\"},{\"@type\":\"Organization\",\"@id\":\"https:\/\/farmletsa.com\/#organization\",\"name\":\"Farmletsa\",\"url\":\"https:\/\/farmletsa.com\/\",\"logo\":{\"@type\":\"ImageObject\",\"inLanguage\":\"es\",\"@id\":\"https:\/\/farmletsa.com\/#\/schema\/logo\/image\/\",\"url\":\"https:\/\/farmletsa.com\/wp-content\/uploads\/2023\/09\/cow-copia.webp\",\"contentUrl\":\"https:\/\/farmletsa.com\/wp-content\/uploads\/2023\/09\/cow-copia.webp\",\"width\":500,\"height\":700,\"caption\":\"Farmletsa\"},\"image\":{\"@id\":\"https:\/\/farmletsa.com\/#\/schema\/logo\/image\/\"}}]}<\/script>\n<!-- \/ Yoast SEO plugin. -->","yoast_head_json":{"title":"Clortetrasone NF -","robots":{"index":"index","follow":"follow","max-snippet":"max-snippet:-1","max-image-preview":"max-image-preview:large","max-video-preview":"max-video-preview:-1"},"canonical":"https:\/\/farmletsa.com\/index.php\/product\/clortetrasone-nf\/","og_locale":"es_ES","og_type":"article","og_title":"Clortetrasone NF -","og_description":"Combinaci\u00f3n antibi\u00f3tica - antiinflamatoria de amplio espectro y potente acci\u00f3n.  Cada 100 ml contiene: Oxitetraciclina 5 g, Florfenicol 10 g, Prednisolona 0.5 g, Lidoca\u00edna 1 g, Excipientes c.s.p. 100 ml.  Presentaciones: Frascos de 50 y 100 ml.","og_url":"https:\/\/farmletsa.com\/index.php\/product\/clortetrasone-nf\/","article_modified_time":"2023-09-22T15:03:44+00:00","og_image":[{"width":750,"height":750,"url":"https:\/\/farmletsa.com\/wp-content\/uploads\/2018\/12\/clo.png","type":"image\/png"}],"twitter_card":"summary_large_image","schema":{"@context":"https:\/\/schema.org","@graph":[{"@type":"WebPage","@id":"https:\/\/farmletsa.com\/index.php\/product\/clortetrasone-nf\/","url":"https:\/\/farmletsa.com\/index.php\/product\/clortetrasone-nf\/","name":"Clortetrasone NF -","isPartOf":{"@id":"https:\/\/farmletsa.com\/#website"},"primaryImageOfPage":{"@id":"https:\/\/farmletsa.com\/index.php\/product\/clortetrasone-nf\/#primaryimage"},"image":{"@id":"https:\/\/farmletsa.com\/index.php\/product\/clortetrasone-nf\/#primaryimage"},"thumbnailUrl":"https:\/\/farmletsa.com\/wp-content\/uploads\/2018\/12\/clo.png","datePublished":"2018-12-21T13:29:34+00:00","dateModified":"2023-09-22T15:03:44+00:00","breadcrumb":{"@id":"https:\/\/farmletsa.com\/index.php\/product\/clortetrasone-nf\/#breadcrumb"},"inLanguage":"es","potentialAction":[{"@type":"ReadAction","target":["https:\/\/farmletsa.com\/index.php\/product\/clortetrasone-nf\/"]}]},{"@type":"ImageObject","inLanguage":"es","@id":"https:\/\/farmletsa.com\/index.php\/product\/clortetrasone-nf\/#primaryimage","url":"https:\/\/farmletsa.com\/wp-content\/uploads\/2018\/12\/clo.png","contentUrl":"https:\/\/farmletsa.com\/wp-content\/uploads\/2018\/12\/clo.png","width":750,"height":750},{"@type":"BreadcrumbList","@id":"https:\/\/farmletsa.com\/index.php\/product\/clortetrasone-nf\/#breadcrumb","itemListElement":[{"@type":"ListItem","position":1,"name":"Portada","item":"https:\/\/farmletsa.com\/"},{"@type":"ListItem","position":2,"name":"Cat\u00e1logo","item":"https:\/\/farmletsa.com\/index.php\/catalogo\/"},{"@type":"ListItem","position":3,"name":"Clortetrasone NF"}]},{"@type":"WebSite","@id":"https:\/\/farmletsa.com\/#website","url":"https:\/\/farmletsa.com\/","name":"Farmletsa","description":"","publisher":{"@id":"https:\/\/farmletsa.com\/#organization"},"potentialAction":[{"@type":"SearchAction","target":{"@type":"EntryPoint","urlTemplate":"https:\/\/farmletsa.com\/?s={search_term_string}"},"query-input":"required name=search_term_string"}],"inLanguage":"es"},{"@type":"Organization","@id":"https:\/\/farmletsa.com\/#organization","name":"Farmletsa","url":"https:\/\/farmletsa.com\/","logo":{"@type":"ImageObject","inLanguage":"es","@id":"https:\/\/farmletsa.com\/#\/schema\/logo\/image\/","url":"https:\/\/farmletsa.com\/wp-content\/uploads\/2023\/09\/cow-copia.webp","contentUrl":"https:\/\/farmletsa.com\/wp-content\/uploads\/2023\/09\/cow-copia.webp","width":500,"height":700,"caption":"Farmletsa"},"image":{"@id":"https:\/\/farmletsa.com\/#\/schema\/logo\/image\/"}}]}},"_links":{"self":[{"href":"https:\/\/farmletsa.com\/index.php\/wp-json\/wp\/v2\/product\/4767","targetHints":{"allow":["GET"]}}],"collection":[{"href":"https:\/\/farmletsa.com\/index.php\/wp-json\/wp\/v2\/product"}],"about":[{"href":"https:\/\/farmletsa.com\/index.php\/wp-json\/wp\/v2\/types\/product"}],"wp:featuredmedia":[{"embeddable":true,"href":"https:\/\/farmletsa.com\/index.php\/wp-json\/wp\/v2\/media\/6644"}],"wp:attachment":[{"href":"https:\/\/farmletsa.com\/index.php\/wp-json\/wp\/v2\/media?parent=4767"}],"wp:term":[{"taxonomy":"product_cat","embeddable":true,"href":"https:\/\/farmletsa.com\/index.php\/wp-json\/wp\/v2\/product_cat?post=4767"},{"taxonomy":"product_tag","embeddable":true,"href":"https:\/\/farmletsa.com\/index.php\/wp-json\/wp\/v2\/product_tag?post=4767"}],"curies":[{"name":"wp","href":"https:\/\/api.w.org\/{rel}","templated":true}]}}