{"id":6769,"date":"2023-09-10T23:46:20","date_gmt":"2023-09-10T23:46:20","guid":{"rendered":"https:\/\/farmletsa.com\/?post_type=product&#038;p=6769"},"modified":"2023-09-22T16:17:57","modified_gmt":"2023-09-22T16:17:57","slug":"dolocar-plus-nrv-m","status":"publish","type":"product","link":"https:\/\/farmletsa.com\/index.php\/product\/dolocar-plus-nrv-m\/","title":{"rendered":"Dolocar Plus NRV* M"},"content":{"rendered":"","protected":false},"excerpt":{"rendered":"<p>Perfecta combinaci\u00f3n de Tramadol y Carprofeno que produce una interacci\u00f3n sin\u00e9rgica, indicada para el manejo del dolor severo que cursen con cuadros inflamatorios agudos.<\/p>\n<p><strong>Cada tableta contiene:<\/strong> Carprofeno 44 mg, Tramadol 20 mg, Excipiente c. b. p. 1 Tableta.<\/p>\n<p><strong>Presentaciones:<\/strong> Caja de 10 tabletas.<\/p>\n<p><img loading=\"lazy\" decoding=\"async\" class=\"alignnone wp-image-6773\" src=\"https:\/\/farmletsa.com\/wp-content\/uploads\/2023\/09\/dog.jpg\" alt=\"\" width=\"75\" height=\"64\" srcset=\"https:\/\/farmletsa.com\/wp-content\/uploads\/2023\/09\/dog.jpg 106w, https:\/\/farmletsa.com\/wp-content\/uploads\/2023\/09\/dog-64x54.jpg 64w\" sizes=\"auto, (max-width: 75px) 100vw, 75px\" \/><\/p>\n","protected":false},"featured_media":6770,"template":"","meta":[],"product_cat":[90],"product_tag":[85],"class_list":{"0":"post-6769","1":"product","2":"type-product","3":"status-publish","4":"has-post-thumbnail","6":"product_cat-analgesicos-y-antiinflamatorios-mascotas","7":"product_tag-norvet","9":"first","10":"instock","11":"shipping-taxable","12":"product-type-simple"},"yoast_head":"<!-- This site is optimized with the Yoast SEO plugin v22.5 - https:\/\/yoast.com\/wordpress\/plugins\/seo\/ -->\n<title>Dolocar Plus NRV* M -<\/title>\n<meta name=\"robots\" content=\"index, follow, max-snippet:-1, max-image-preview:large, max-video-preview:-1\" \/>\n<link rel=\"canonical\" href=\"https:\/\/farmletsa.com\/index.php\/product\/dolocar-plus-nrv-m\/\" \/>\n<meta property=\"og:locale\" content=\"es_ES\" \/>\n<meta property=\"og:type\" content=\"article\" \/>\n<meta property=\"og:title\" content=\"Dolocar Plus NRV* M -\" \/>\n<meta property=\"og:description\" content=\"Perfecta combinaci\u00f3n de Tramadol y Carprofeno que produce una interacci\u00f3n sin\u00e9rgica, indicada para el manejo del dolor severo que cursen con cuadros inflamatorios agudos.  Cada tableta contiene: Carprofeno 44 mg, Tramadol 20 mg, Excipiente c. b. p. 1 Tableta.  Presentaciones: Caja de 10 tabletas.\" \/>\n<meta property=\"og:url\" content=\"https:\/\/farmletsa.com\/index.php\/product\/dolocar-plus-nrv-m\/\" \/>\n<meta property=\"article:modified_time\" content=\"2023-09-22T16:17:57+00:00\" \/>\n<meta property=\"og:image\" content=\"https:\/\/farmletsa.com\/wp-content\/uploads\/2023\/09\/bn.png\" \/>\n\t<meta property=\"og:image:width\" content=\"750\" \/>\n\t<meta property=\"og:image:height\" content=\"750\" \/>\n\t<meta property=\"og:image:type\" content=\"image\/png\" \/>\n<meta name=\"twitter:card\" content=\"summary_large_image\" \/>\n<script type=\"application\/ld+json\" class=\"yoast-schema-graph\">{\"@context\":\"https:\/\/schema.org\",\"@graph\":[{\"@type\":\"WebPage\",\"@id\":\"https:\/\/farmletsa.com\/index.php\/product\/dolocar-plus-nrv-m\/\",\"url\":\"https:\/\/farmletsa.com\/index.php\/product\/dolocar-plus-nrv-m\/\",\"name\":\"Dolocar Plus NRV* M -\",\"isPartOf\":{\"@id\":\"https:\/\/farmletsa.com\/#website\"},\"primaryImageOfPage\":{\"@id\":\"https:\/\/farmletsa.com\/index.php\/product\/dolocar-plus-nrv-m\/#primaryimage\"},\"image\":{\"@id\":\"https:\/\/farmletsa.com\/index.php\/product\/dolocar-plus-nrv-m\/#primaryimage\"},\"thumbnailUrl\":\"https:\/\/farmletsa.com\/wp-content\/uploads\/2023\/09\/bn.png\",\"datePublished\":\"2023-09-10T23:46:20+00:00\",\"dateModified\":\"2023-09-22T16:17:57+00:00\",\"breadcrumb\":{\"@id\":\"https:\/\/farmletsa.com\/index.php\/product\/dolocar-plus-nrv-m\/#breadcrumb\"},\"inLanguage\":\"es\",\"potentialAction\":[{\"@type\":\"ReadAction\",\"target\":[\"https:\/\/farmletsa.com\/index.php\/product\/dolocar-plus-nrv-m\/\"]}]},{\"@type\":\"ImageObject\",\"inLanguage\":\"es\",\"@id\":\"https:\/\/farmletsa.com\/index.php\/product\/dolocar-plus-nrv-m\/#primaryimage\",\"url\":\"https:\/\/farmletsa.com\/wp-content\/uploads\/2023\/09\/bn.png\",\"contentUrl\":\"https:\/\/farmletsa.com\/wp-content\/uploads\/2023\/09\/bn.png\",\"width\":750,\"height\":750},{\"@type\":\"BreadcrumbList\",\"@id\":\"https:\/\/farmletsa.com\/index.php\/product\/dolocar-plus-nrv-m\/#breadcrumb\",\"itemListElement\":[{\"@type\":\"ListItem\",\"position\":1,\"name\":\"Portada\",\"item\":\"https:\/\/farmletsa.com\/\"},{\"@type\":\"ListItem\",\"position\":2,\"name\":\"Cat\u00e1logo\",\"item\":\"https:\/\/farmletsa.com\/index.php\/catalogo\/\"},{\"@type\":\"ListItem\",\"position\":3,\"name\":\"Dolocar Plus NRV* M\"}]},{\"@type\":\"WebSite\",\"@id\":\"https:\/\/farmletsa.com\/#website\",\"url\":\"https:\/\/farmletsa.com\/\",\"name\":\"Farmletsa\",\"description\":\"\",\"publisher\":{\"@id\":\"https:\/\/farmletsa.com\/#organization\"},\"potentialAction\":[{\"@type\":\"SearchAction\",\"target\":{\"@type\":\"EntryPoint\",\"urlTemplate\":\"https:\/\/farmletsa.com\/?s={search_term_string}\"},\"query-input\":\"required name=search_term_string\"}],\"inLanguage\":\"es\"},{\"@type\":\"Organization\",\"@id\":\"https:\/\/farmletsa.com\/#organization\",\"name\":\"Farmletsa\",\"url\":\"https:\/\/farmletsa.com\/\",\"logo\":{\"@type\":\"ImageObject\",\"inLanguage\":\"es\",\"@id\":\"https:\/\/farmletsa.com\/#\/schema\/logo\/image\/\",\"url\":\"https:\/\/farmletsa.com\/wp-content\/uploads\/2023\/09\/cow-copia.webp\",\"contentUrl\":\"https:\/\/farmletsa.com\/wp-content\/uploads\/2023\/09\/cow-copia.webp\",\"width\":500,\"height\":700,\"caption\":\"Farmletsa\"},\"image\":{\"@id\":\"https:\/\/farmletsa.com\/#\/schema\/logo\/image\/\"}}]}<\/script>\n<!-- \/ Yoast SEO plugin. -->","yoast_head_json":{"title":"Dolocar Plus NRV* M -","robots":{"index":"index","follow":"follow","max-snippet":"max-snippet:-1","max-image-preview":"max-image-preview:large","max-video-preview":"max-video-preview:-1"},"canonical":"https:\/\/farmletsa.com\/index.php\/product\/dolocar-plus-nrv-m\/","og_locale":"es_ES","og_type":"article","og_title":"Dolocar Plus NRV* M -","og_description":"Perfecta combinaci\u00f3n de Tramadol y Carprofeno que produce una interacci\u00f3n sin\u00e9rgica, indicada para el manejo del dolor severo que cursen con cuadros inflamatorios agudos.  Cada tableta contiene: Carprofeno 44 mg, Tramadol 20 mg, Excipiente c. b. p. 1 Tableta.  Presentaciones: Caja de 10 tabletas.","og_url":"https:\/\/farmletsa.com\/index.php\/product\/dolocar-plus-nrv-m\/","article_modified_time":"2023-09-22T16:17:57+00:00","og_image":[{"width":750,"height":750,"url":"https:\/\/farmletsa.com\/wp-content\/uploads\/2023\/09\/bn.png","type":"image\/png"}],"twitter_card":"summary_large_image","schema":{"@context":"https:\/\/schema.org","@graph":[{"@type":"WebPage","@id":"https:\/\/farmletsa.com\/index.php\/product\/dolocar-plus-nrv-m\/","url":"https:\/\/farmletsa.com\/index.php\/product\/dolocar-plus-nrv-m\/","name":"Dolocar Plus NRV* M -","isPartOf":{"@id":"https:\/\/farmletsa.com\/#website"},"primaryImageOfPage":{"@id":"https:\/\/farmletsa.com\/index.php\/product\/dolocar-plus-nrv-m\/#primaryimage"},"image":{"@id":"https:\/\/farmletsa.com\/index.php\/product\/dolocar-plus-nrv-m\/#primaryimage"},"thumbnailUrl":"https:\/\/farmletsa.com\/wp-content\/uploads\/2023\/09\/bn.png","datePublished":"2023-09-10T23:46:20+00:00","dateModified":"2023-09-22T16:17:57+00:00","breadcrumb":{"@id":"https:\/\/farmletsa.com\/index.php\/product\/dolocar-plus-nrv-m\/#breadcrumb"},"inLanguage":"es","potentialAction":[{"@type":"ReadAction","target":["https:\/\/farmletsa.com\/index.php\/product\/dolocar-plus-nrv-m\/"]}]},{"@type":"ImageObject","inLanguage":"es","@id":"https:\/\/farmletsa.com\/index.php\/product\/dolocar-plus-nrv-m\/#primaryimage","url":"https:\/\/farmletsa.com\/wp-content\/uploads\/2023\/09\/bn.png","contentUrl":"https:\/\/farmletsa.com\/wp-content\/uploads\/2023\/09\/bn.png","width":750,"height":750},{"@type":"BreadcrumbList","@id":"https:\/\/farmletsa.com\/index.php\/product\/dolocar-plus-nrv-m\/#breadcrumb","itemListElement":[{"@type":"ListItem","position":1,"name":"Portada","item":"https:\/\/farmletsa.com\/"},{"@type":"ListItem","position":2,"name":"Cat\u00e1logo","item":"https:\/\/farmletsa.com\/index.php\/catalogo\/"},{"@type":"ListItem","position":3,"name":"Dolocar Plus NRV* M"}]},{"@type":"WebSite","@id":"https:\/\/farmletsa.com\/#website","url":"https:\/\/farmletsa.com\/","name":"Farmletsa","description":"","publisher":{"@id":"https:\/\/farmletsa.com\/#organization"},"potentialAction":[{"@type":"SearchAction","target":{"@type":"EntryPoint","urlTemplate":"https:\/\/farmletsa.com\/?s={search_term_string}"},"query-input":"required name=search_term_string"}],"inLanguage":"es"},{"@type":"Organization","@id":"https:\/\/farmletsa.com\/#organization","name":"Farmletsa","url":"https:\/\/farmletsa.com\/","logo":{"@type":"ImageObject","inLanguage":"es","@id":"https:\/\/farmletsa.com\/#\/schema\/logo\/image\/","url":"https:\/\/farmletsa.com\/wp-content\/uploads\/2023\/09\/cow-copia.webp","contentUrl":"https:\/\/farmletsa.com\/wp-content\/uploads\/2023\/09\/cow-copia.webp","width":500,"height":700,"caption":"Farmletsa"},"image":{"@id":"https:\/\/farmletsa.com\/#\/schema\/logo\/image\/"}}]}},"_links":{"self":[{"href":"https:\/\/farmletsa.com\/index.php\/wp-json\/wp\/v2\/product\/6769","targetHints":{"allow":["GET"]}}],"collection":[{"href":"https:\/\/farmletsa.com\/index.php\/wp-json\/wp\/v2\/product"}],"about":[{"href":"https:\/\/farmletsa.com\/index.php\/wp-json\/wp\/v2\/types\/product"}],"wp:featuredmedia":[{"embeddable":true,"href":"https:\/\/farmletsa.com\/index.php\/wp-json\/wp\/v2\/media\/6770"}],"wp:attachment":[{"href":"https:\/\/farmletsa.com\/index.php\/wp-json\/wp\/v2\/media?parent=6769"}],"wp:term":[{"taxonomy":"product_cat","embeddable":true,"href":"https:\/\/farmletsa.com\/index.php\/wp-json\/wp\/v2\/product_cat?post=6769"},{"taxonomy":"product_tag","embeddable":true,"href":"https:\/\/farmletsa.com\/index.php\/wp-json\/wp\/v2\/product_tag?post=6769"}],"curies":[{"name":"wp","href":"https:\/\/api.w.org\/{rel}","templated":true}]}}