{"id":6954,"date":"2023-09-25T03:01:03","date_gmt":"2023-09-25T03:01:03","guid":{"rendered":"https:\/\/farmletsa.com\/?post_type=product&#038;p=6954"},"modified":"2023-09-29T03:22:38","modified_gmt":"2023-09-29T03:22:38","slug":"kuntu-shampoo","status":"publish","type":"product","link":"https:\/\/farmletsa.com\/index.php\/product\/kuntu-shampoo\/","title":{"rendered":"KUNTU SHAMPOO"},"content":{"rendered":"","protected":false},"excerpt":{"rendered":"<p>Shampoo hipoalerg\u00e9nico de uso cosm\u00e9tico indicado en la limpieza y aseo de caninos, felinos y equinos. Formula dise\u00f1ada con tensoactivos ani\u00f3nicos, PH neutro y enriquecido con extracto de manzanilla, garantizando una adecuada limpieza, brillo y suavidad en el pelaje del animal.<\/p>\n<p><strong>Cada 100 ml contiene:<\/strong> Lauril \u00c9ter Sulfato de Sodio 27.5 g, Lauroil Sarcosinato de Sodio 2.5 g, Extracto de Manzanilla 0.5ml, excipientes c.s.p 100 ml.<\/p>\n<p><strong>Presentaciones:<\/strong> Frascos 60 ml, 250 ml, 500 ml y de gal\u00f3n.<\/p>\n<p>CANINO, FELINOS y EQUINOS<\/p>\n<p><strong>SKU: <\/strong>KUNTU SHAMPOO<\/p>\n<p><strong>Categor\u00edas:<\/strong> Cosm\u00e9tico<\/p>\n","protected":false},"featured_media":6958,"template":"","meta":[],"product_cat":[93],"product_tag":[82],"class_list":{"0":"post-6954","1":"product","2":"type-product","3":"status-publish","4":"has-post-thumbnail","6":"product_cat-cosmetica","7":"product_tag-farmlet","9":"first","10":"instock","11":"shipping-taxable","12":"product-type-simple"},"yoast_head":"<!-- This site is optimized with the Yoast SEO plugin v22.5 - https:\/\/yoast.com\/wordpress\/plugins\/seo\/ -->\n<title>KUNTU SHAMPOO -<\/title>\n<meta name=\"robots\" content=\"index, follow, max-snippet:-1, max-image-preview:large, max-video-preview:-1\" \/>\n<link rel=\"canonical\" href=\"https:\/\/farmletsa.com\/index.php\/product\/kuntu-shampoo\/\" \/>\n<meta property=\"og:locale\" content=\"es_ES\" \/>\n<meta property=\"og:type\" content=\"article\" \/>\n<meta property=\"og:title\" content=\"KUNTU SHAMPOO -\" \/>\n<meta property=\"og:description\" content=\"Shampoo hipoalerg\u00e9nico de uso cosm\u00e9tico indicado en la limpieza y aseo de caninos, felinos y equinos. Formula dise\u00f1ada con tensoactivos ani\u00f3nicos, PH neutro y enriquecido con extracto de manzanilla, garantizando una adecuada limpieza, brillo y suavidad en el pelaje del animal.  Cada 100 ml contiene: Lauril \u00c9ter Sulfato de Sodio 27.5 g, Lauroil Sarcosinato de Sodio 2.5 g, Extracto de Manzanilla 0.5ml, excipientes c.s.p 100 ml.  Presentaciones: Frascos 60 ml, 250 ml, 500 ml y de gal\u00f3n.  CANINO, FELINOS y EQUINOS  SKU: KUNTU SHAMPOO  Categor\u00edas: Cosm\u00e9tico\" \/>\n<meta property=\"og:url\" content=\"https:\/\/farmletsa.com\/index.php\/product\/kuntu-shampoo\/\" \/>\n<meta property=\"article:modified_time\" content=\"2023-09-29T03:22:38+00:00\" \/>\n<meta property=\"og:image\" content=\"https:\/\/farmletsa.com\/wp-content\/uploads\/2023\/09\/shampo.png\" \/>\n\t<meta property=\"og:image:width\" content=\"750\" \/>\n\t<meta property=\"og:image:height\" content=\"750\" \/>\n\t<meta property=\"og:image:type\" content=\"image\/png\" \/>\n<meta name=\"twitter:card\" content=\"summary_large_image\" \/>\n<script type=\"application\/ld+json\" class=\"yoast-schema-graph\">{\"@context\":\"https:\/\/schema.org\",\"@graph\":[{\"@type\":\"WebPage\",\"@id\":\"https:\/\/farmletsa.com\/index.php\/product\/kuntu-shampoo\/\",\"url\":\"https:\/\/farmletsa.com\/index.php\/product\/kuntu-shampoo\/\",\"name\":\"KUNTU SHAMPOO -\",\"isPartOf\":{\"@id\":\"https:\/\/farmletsa.com\/#website\"},\"primaryImageOfPage\":{\"@id\":\"https:\/\/farmletsa.com\/index.php\/product\/kuntu-shampoo\/#primaryimage\"},\"image\":{\"@id\":\"https:\/\/farmletsa.com\/index.php\/product\/kuntu-shampoo\/#primaryimage\"},\"thumbnailUrl\":\"https:\/\/farmletsa.com\/wp-content\/uploads\/2023\/09\/shampo.png\",\"datePublished\":\"2023-09-25T03:01:03+00:00\",\"dateModified\":\"2023-09-29T03:22:38+00:00\",\"breadcrumb\":{\"@id\":\"https:\/\/farmletsa.com\/index.php\/product\/kuntu-shampoo\/#breadcrumb\"},\"inLanguage\":\"es\",\"potentialAction\":[{\"@type\":\"ReadAction\",\"target\":[\"https:\/\/farmletsa.com\/index.php\/product\/kuntu-shampoo\/\"]}]},{\"@type\":\"ImageObject\",\"inLanguage\":\"es\",\"@id\":\"https:\/\/farmletsa.com\/index.php\/product\/kuntu-shampoo\/#primaryimage\",\"url\":\"https:\/\/farmletsa.com\/wp-content\/uploads\/2023\/09\/shampo.png\",\"contentUrl\":\"https:\/\/farmletsa.com\/wp-content\/uploads\/2023\/09\/shampo.png\",\"width\":750,\"height\":750},{\"@type\":\"BreadcrumbList\",\"@id\":\"https:\/\/farmletsa.com\/index.php\/product\/kuntu-shampoo\/#breadcrumb\",\"itemListElement\":[{\"@type\":\"ListItem\",\"position\":1,\"name\":\"Portada\",\"item\":\"https:\/\/farmletsa.com\/\"},{\"@type\":\"ListItem\",\"position\":2,\"name\":\"Cat\u00e1logo\",\"item\":\"https:\/\/farmletsa.com\/index.php\/catalogo\/\"},{\"@type\":\"ListItem\",\"position\":3,\"name\":\"KUNTU SHAMPOO\"}]},{\"@type\":\"WebSite\",\"@id\":\"https:\/\/farmletsa.com\/#website\",\"url\":\"https:\/\/farmletsa.com\/\",\"name\":\"Farmletsa\",\"description\":\"\",\"publisher\":{\"@id\":\"https:\/\/farmletsa.com\/#organization\"},\"potentialAction\":[{\"@type\":\"SearchAction\",\"target\":{\"@type\":\"EntryPoint\",\"urlTemplate\":\"https:\/\/farmletsa.com\/?s={search_term_string}\"},\"query-input\":\"required name=search_term_string\"}],\"inLanguage\":\"es\"},{\"@type\":\"Organization\",\"@id\":\"https:\/\/farmletsa.com\/#organization\",\"name\":\"Farmletsa\",\"url\":\"https:\/\/farmletsa.com\/\",\"logo\":{\"@type\":\"ImageObject\",\"inLanguage\":\"es\",\"@id\":\"https:\/\/farmletsa.com\/#\/schema\/logo\/image\/\",\"url\":\"https:\/\/farmletsa.com\/wp-content\/uploads\/2023\/09\/cow-copia.webp\",\"contentUrl\":\"https:\/\/farmletsa.com\/wp-content\/uploads\/2023\/09\/cow-copia.webp\",\"width\":500,\"height\":700,\"caption\":\"Farmletsa\"},\"image\":{\"@id\":\"https:\/\/farmletsa.com\/#\/schema\/logo\/image\/\"}}]}<\/script>\n<!-- \/ Yoast SEO plugin. -->","yoast_head_json":{"title":"KUNTU SHAMPOO -","robots":{"index":"index","follow":"follow","max-snippet":"max-snippet:-1","max-image-preview":"max-image-preview:large","max-video-preview":"max-video-preview:-1"},"canonical":"https:\/\/farmletsa.com\/index.php\/product\/kuntu-shampoo\/","og_locale":"es_ES","og_type":"article","og_title":"KUNTU SHAMPOO -","og_description":"Shampoo hipoalerg\u00e9nico de uso cosm\u00e9tico indicado en la limpieza y aseo de caninos, felinos y equinos. Formula dise\u00f1ada con tensoactivos ani\u00f3nicos, PH neutro y enriquecido con extracto de manzanilla, garantizando una adecuada limpieza, brillo y suavidad en el pelaje del animal.  Cada 100 ml contiene: Lauril \u00c9ter Sulfato de Sodio 27.5 g, Lauroil Sarcosinato de Sodio 2.5 g, Extracto de Manzanilla 0.5ml, excipientes c.s.p 100 ml.  Presentaciones: Frascos 60 ml, 250 ml, 500 ml y de gal\u00f3n.  CANINO, FELINOS y EQUINOS  SKU: KUNTU SHAMPOO  Categor\u00edas: Cosm\u00e9tico","og_url":"https:\/\/farmletsa.com\/index.php\/product\/kuntu-shampoo\/","article_modified_time":"2023-09-29T03:22:38+00:00","og_image":[{"width":750,"height":750,"url":"https:\/\/farmletsa.com\/wp-content\/uploads\/2023\/09\/shampo.png","type":"image\/png"}],"twitter_card":"summary_large_image","schema":{"@context":"https:\/\/schema.org","@graph":[{"@type":"WebPage","@id":"https:\/\/farmletsa.com\/index.php\/product\/kuntu-shampoo\/","url":"https:\/\/farmletsa.com\/index.php\/product\/kuntu-shampoo\/","name":"KUNTU SHAMPOO -","isPartOf":{"@id":"https:\/\/farmletsa.com\/#website"},"primaryImageOfPage":{"@id":"https:\/\/farmletsa.com\/index.php\/product\/kuntu-shampoo\/#primaryimage"},"image":{"@id":"https:\/\/farmletsa.com\/index.php\/product\/kuntu-shampoo\/#primaryimage"},"thumbnailUrl":"https:\/\/farmletsa.com\/wp-content\/uploads\/2023\/09\/shampo.png","datePublished":"2023-09-25T03:01:03+00:00","dateModified":"2023-09-29T03:22:38+00:00","breadcrumb":{"@id":"https:\/\/farmletsa.com\/index.php\/product\/kuntu-shampoo\/#breadcrumb"},"inLanguage":"es","potentialAction":[{"@type":"ReadAction","target":["https:\/\/farmletsa.com\/index.php\/product\/kuntu-shampoo\/"]}]},{"@type":"ImageObject","inLanguage":"es","@id":"https:\/\/farmletsa.com\/index.php\/product\/kuntu-shampoo\/#primaryimage","url":"https:\/\/farmletsa.com\/wp-content\/uploads\/2023\/09\/shampo.png","contentUrl":"https:\/\/farmletsa.com\/wp-content\/uploads\/2023\/09\/shampo.png","width":750,"height":750},{"@type":"BreadcrumbList","@id":"https:\/\/farmletsa.com\/index.php\/product\/kuntu-shampoo\/#breadcrumb","itemListElement":[{"@type":"ListItem","position":1,"name":"Portada","item":"https:\/\/farmletsa.com\/"},{"@type":"ListItem","position":2,"name":"Cat\u00e1logo","item":"https:\/\/farmletsa.com\/index.php\/catalogo\/"},{"@type":"ListItem","position":3,"name":"KUNTU SHAMPOO"}]},{"@type":"WebSite","@id":"https:\/\/farmletsa.com\/#website","url":"https:\/\/farmletsa.com\/","name":"Farmletsa","description":"","publisher":{"@id":"https:\/\/farmletsa.com\/#organization"},"potentialAction":[{"@type":"SearchAction","target":{"@type":"EntryPoint","urlTemplate":"https:\/\/farmletsa.com\/?s={search_term_string}"},"query-input":"required name=search_term_string"}],"inLanguage":"es"},{"@type":"Organization","@id":"https:\/\/farmletsa.com\/#organization","name":"Farmletsa","url":"https:\/\/farmletsa.com\/","logo":{"@type":"ImageObject","inLanguage":"es","@id":"https:\/\/farmletsa.com\/#\/schema\/logo\/image\/","url":"https:\/\/farmletsa.com\/wp-content\/uploads\/2023\/09\/cow-copia.webp","contentUrl":"https:\/\/farmletsa.com\/wp-content\/uploads\/2023\/09\/cow-copia.webp","width":500,"height":700,"caption":"Farmletsa"},"image":{"@id":"https:\/\/farmletsa.com\/#\/schema\/logo\/image\/"}}]}},"_links":{"self":[{"href":"https:\/\/farmletsa.com\/index.php\/wp-json\/wp\/v2\/product\/6954","targetHints":{"allow":["GET"]}}],"collection":[{"href":"https:\/\/farmletsa.com\/index.php\/wp-json\/wp\/v2\/product"}],"about":[{"href":"https:\/\/farmletsa.com\/index.php\/wp-json\/wp\/v2\/types\/product"}],"wp:featuredmedia":[{"embeddable":true,"href":"https:\/\/farmletsa.com\/index.php\/wp-json\/wp\/v2\/media\/6958"}],"wp:attachment":[{"href":"https:\/\/farmletsa.com\/index.php\/wp-json\/wp\/v2\/media?parent=6954"}],"wp:term":[{"taxonomy":"product_cat","embeddable":true,"href":"https:\/\/farmletsa.com\/index.php\/wp-json\/wp\/v2\/product_cat?post=6954"},{"taxonomy":"product_tag","embeddable":true,"href":"https:\/\/farmletsa.com\/index.php\/wp-json\/wp\/v2\/product_tag?post=6954"}],"curies":[{"name":"wp","href":"https:\/\/api.w.org\/{rel}","templated":true}]}}