{"id":6955,"date":"2023-09-25T03:03:02","date_gmt":"2023-09-25T03:03:02","guid":{"rendered":"https:\/\/farmletsa.com\/?post_type=product&#038;p=6955"},"modified":"2023-09-29T03:22:54","modified_gmt":"2023-09-29T03:22:54","slug":"kuntu-colonia","status":"publish","type":"product","link":"https:\/\/farmletsa.com\/index.php\/product\/kuntu-colonia\/","title":{"rendered":"KUNTU COLONIA"},"content":{"rendered":"","protected":false},"excerpt":{"rendered":"<p>Colonia de uso cosm\u00e9tico indicada en caninos y felinos, proporcionando una fragancia agradable a su mascota.<\/p>\n<p><strong>Cada 100 ml contiene:<\/strong> Fragancia 2 ml, Excipientes c.s.p 100 ml<\/p>\n<p><strong>Presentaciones:<\/strong> Frascos de 60 ml, 120 ml y de 250 ml. Para \u00e9l, ella y puppy.<\/p>\n<p>CANINO Y FELINOS<\/p>\n<p><strong>SKU:<\/strong> KUNTU COLONIA<\/p>\n<p><strong>Categor\u00eda:<\/strong> Cosm\u00e9tico<\/p>\n","protected":false},"featured_media":6957,"template":"","meta":[],"product_cat":[93],"product_tag":[82],"class_list":{"0":"post-6955","1":"product","2":"type-product","3":"status-publish","4":"has-post-thumbnail","6":"product_cat-cosmetica","7":"product_tag-farmlet","9":"first","10":"instock","11":"shipping-taxable","12":"product-type-simple"},"yoast_head":"<!-- This site is optimized with the Yoast SEO plugin v22.5 - https:\/\/yoast.com\/wordpress\/plugins\/seo\/ -->\n<title>KUNTU COLONIA -<\/title>\n<meta name=\"robots\" content=\"index, follow, max-snippet:-1, max-image-preview:large, max-video-preview:-1\" \/>\n<link rel=\"canonical\" href=\"https:\/\/farmletsa.com\/index.php\/product\/kuntu-colonia\/\" \/>\n<meta property=\"og:locale\" content=\"es_ES\" \/>\n<meta property=\"og:type\" content=\"article\" \/>\n<meta property=\"og:title\" content=\"KUNTU COLONIA -\" \/>\n<meta property=\"og:description\" content=\"Colonia de uso cosm\u00e9tico indicada en caninos y felinos, proporcionando una fragancia agradable a su mascota.  Cada 100 ml contiene: Fragancia 2 ml, Excipientes c.s.p 100 ml  Presentaciones: Frascos de 60 ml, 120 ml y de 250 ml. Para \u00e9l, ella y puppy.  CANINO Y FELINOS  SKU: KUNTU COLONIA  Categor\u00eda: Cosm\u00e9tico\" \/>\n<meta property=\"og:url\" content=\"https:\/\/farmletsa.com\/index.php\/product\/kuntu-colonia\/\" \/>\n<meta property=\"article:modified_time\" content=\"2023-09-29T03:22:54+00:00\" \/>\n<meta property=\"og:image\" content=\"https:\/\/farmletsa.com\/wp-content\/uploads\/2023\/09\/perfume.png\" \/>\n\t<meta property=\"og:image:width\" content=\"750\" \/>\n\t<meta property=\"og:image:height\" content=\"750\" \/>\n\t<meta property=\"og:image:type\" content=\"image\/png\" \/>\n<meta name=\"twitter:card\" content=\"summary_large_image\" \/>\n<script type=\"application\/ld+json\" class=\"yoast-schema-graph\">{\"@context\":\"https:\/\/schema.org\",\"@graph\":[{\"@type\":\"WebPage\",\"@id\":\"https:\/\/farmletsa.com\/index.php\/product\/kuntu-colonia\/\",\"url\":\"https:\/\/farmletsa.com\/index.php\/product\/kuntu-colonia\/\",\"name\":\"KUNTU COLONIA -\",\"isPartOf\":{\"@id\":\"https:\/\/farmletsa.com\/#website\"},\"primaryImageOfPage\":{\"@id\":\"https:\/\/farmletsa.com\/index.php\/product\/kuntu-colonia\/#primaryimage\"},\"image\":{\"@id\":\"https:\/\/farmletsa.com\/index.php\/product\/kuntu-colonia\/#primaryimage\"},\"thumbnailUrl\":\"https:\/\/farmletsa.com\/wp-content\/uploads\/2023\/09\/perfume.png\",\"datePublished\":\"2023-09-25T03:03:02+00:00\",\"dateModified\":\"2023-09-29T03:22:54+00:00\",\"breadcrumb\":{\"@id\":\"https:\/\/farmletsa.com\/index.php\/product\/kuntu-colonia\/#breadcrumb\"},\"inLanguage\":\"es\",\"potentialAction\":[{\"@type\":\"ReadAction\",\"target\":[\"https:\/\/farmletsa.com\/index.php\/product\/kuntu-colonia\/\"]}]},{\"@type\":\"ImageObject\",\"inLanguage\":\"es\",\"@id\":\"https:\/\/farmletsa.com\/index.php\/product\/kuntu-colonia\/#primaryimage\",\"url\":\"https:\/\/farmletsa.com\/wp-content\/uploads\/2023\/09\/perfume.png\",\"contentUrl\":\"https:\/\/farmletsa.com\/wp-content\/uploads\/2023\/09\/perfume.png\",\"width\":750,\"height\":750},{\"@type\":\"BreadcrumbList\",\"@id\":\"https:\/\/farmletsa.com\/index.php\/product\/kuntu-colonia\/#breadcrumb\",\"itemListElement\":[{\"@type\":\"ListItem\",\"position\":1,\"name\":\"Portada\",\"item\":\"https:\/\/farmletsa.com\/\"},{\"@type\":\"ListItem\",\"position\":2,\"name\":\"Cat\u00e1logo\",\"item\":\"https:\/\/farmletsa.com\/index.php\/catalogo\/\"},{\"@type\":\"ListItem\",\"position\":3,\"name\":\"KUNTU COLONIA\"}]},{\"@type\":\"WebSite\",\"@id\":\"https:\/\/farmletsa.com\/#website\",\"url\":\"https:\/\/farmletsa.com\/\",\"name\":\"Farmletsa\",\"description\":\"\",\"publisher\":{\"@id\":\"https:\/\/farmletsa.com\/#organization\"},\"potentialAction\":[{\"@type\":\"SearchAction\",\"target\":{\"@type\":\"EntryPoint\",\"urlTemplate\":\"https:\/\/farmletsa.com\/?s={search_term_string}\"},\"query-input\":\"required name=search_term_string\"}],\"inLanguage\":\"es\"},{\"@type\":\"Organization\",\"@id\":\"https:\/\/farmletsa.com\/#organization\",\"name\":\"Farmletsa\",\"url\":\"https:\/\/farmletsa.com\/\",\"logo\":{\"@type\":\"ImageObject\",\"inLanguage\":\"es\",\"@id\":\"https:\/\/farmletsa.com\/#\/schema\/logo\/image\/\",\"url\":\"https:\/\/farmletsa.com\/wp-content\/uploads\/2023\/09\/cow-copia.webp\",\"contentUrl\":\"https:\/\/farmletsa.com\/wp-content\/uploads\/2023\/09\/cow-copia.webp\",\"width\":500,\"height\":700,\"caption\":\"Farmletsa\"},\"image\":{\"@id\":\"https:\/\/farmletsa.com\/#\/schema\/logo\/image\/\"}}]}<\/script>\n<!-- \/ Yoast SEO plugin. -->","yoast_head_json":{"title":"KUNTU COLONIA -","robots":{"index":"index","follow":"follow","max-snippet":"max-snippet:-1","max-image-preview":"max-image-preview:large","max-video-preview":"max-video-preview:-1"},"canonical":"https:\/\/farmletsa.com\/index.php\/product\/kuntu-colonia\/","og_locale":"es_ES","og_type":"article","og_title":"KUNTU COLONIA -","og_description":"Colonia de uso cosm\u00e9tico indicada en caninos y felinos, proporcionando una fragancia agradable a su mascota.  Cada 100 ml contiene: Fragancia 2 ml, Excipientes c.s.p 100 ml  Presentaciones: Frascos de 60 ml, 120 ml y de 250 ml. Para \u00e9l, ella y puppy.  CANINO Y FELINOS  SKU: KUNTU COLONIA  Categor\u00eda: Cosm\u00e9tico","og_url":"https:\/\/farmletsa.com\/index.php\/product\/kuntu-colonia\/","article_modified_time":"2023-09-29T03:22:54+00:00","og_image":[{"width":750,"height":750,"url":"https:\/\/farmletsa.com\/wp-content\/uploads\/2023\/09\/perfume.png","type":"image\/png"}],"twitter_card":"summary_large_image","schema":{"@context":"https:\/\/schema.org","@graph":[{"@type":"WebPage","@id":"https:\/\/farmletsa.com\/index.php\/product\/kuntu-colonia\/","url":"https:\/\/farmletsa.com\/index.php\/product\/kuntu-colonia\/","name":"KUNTU COLONIA -","isPartOf":{"@id":"https:\/\/farmletsa.com\/#website"},"primaryImageOfPage":{"@id":"https:\/\/farmletsa.com\/index.php\/product\/kuntu-colonia\/#primaryimage"},"image":{"@id":"https:\/\/farmletsa.com\/index.php\/product\/kuntu-colonia\/#primaryimage"},"thumbnailUrl":"https:\/\/farmletsa.com\/wp-content\/uploads\/2023\/09\/perfume.png","datePublished":"2023-09-25T03:03:02+00:00","dateModified":"2023-09-29T03:22:54+00:00","breadcrumb":{"@id":"https:\/\/farmletsa.com\/index.php\/product\/kuntu-colonia\/#breadcrumb"},"inLanguage":"es","potentialAction":[{"@type":"ReadAction","target":["https:\/\/farmletsa.com\/index.php\/product\/kuntu-colonia\/"]}]},{"@type":"ImageObject","inLanguage":"es","@id":"https:\/\/farmletsa.com\/index.php\/product\/kuntu-colonia\/#primaryimage","url":"https:\/\/farmletsa.com\/wp-content\/uploads\/2023\/09\/perfume.png","contentUrl":"https:\/\/farmletsa.com\/wp-content\/uploads\/2023\/09\/perfume.png","width":750,"height":750},{"@type":"BreadcrumbList","@id":"https:\/\/farmletsa.com\/index.php\/product\/kuntu-colonia\/#breadcrumb","itemListElement":[{"@type":"ListItem","position":1,"name":"Portada","item":"https:\/\/farmletsa.com\/"},{"@type":"ListItem","position":2,"name":"Cat\u00e1logo","item":"https:\/\/farmletsa.com\/index.php\/catalogo\/"},{"@type":"ListItem","position":3,"name":"KUNTU COLONIA"}]},{"@type":"WebSite","@id":"https:\/\/farmletsa.com\/#website","url":"https:\/\/farmletsa.com\/","name":"Farmletsa","description":"","publisher":{"@id":"https:\/\/farmletsa.com\/#organization"},"potentialAction":[{"@type":"SearchAction","target":{"@type":"EntryPoint","urlTemplate":"https:\/\/farmletsa.com\/?s={search_term_string}"},"query-input":"required name=search_term_string"}],"inLanguage":"es"},{"@type":"Organization","@id":"https:\/\/farmletsa.com\/#organization","name":"Farmletsa","url":"https:\/\/farmletsa.com\/","logo":{"@type":"ImageObject","inLanguage":"es","@id":"https:\/\/farmletsa.com\/#\/schema\/logo\/image\/","url":"https:\/\/farmletsa.com\/wp-content\/uploads\/2023\/09\/cow-copia.webp","contentUrl":"https:\/\/farmletsa.com\/wp-content\/uploads\/2023\/09\/cow-copia.webp","width":500,"height":700,"caption":"Farmletsa"},"image":{"@id":"https:\/\/farmletsa.com\/#\/schema\/logo\/image\/"}}]}},"_links":{"self":[{"href":"https:\/\/farmletsa.com\/index.php\/wp-json\/wp\/v2\/product\/6955","targetHints":{"allow":["GET"]}}],"collection":[{"href":"https:\/\/farmletsa.com\/index.php\/wp-json\/wp\/v2\/product"}],"about":[{"href":"https:\/\/farmletsa.com\/index.php\/wp-json\/wp\/v2\/types\/product"}],"wp:featuredmedia":[{"embeddable":true,"href":"https:\/\/farmletsa.com\/index.php\/wp-json\/wp\/v2\/media\/6957"}],"wp:attachment":[{"href":"https:\/\/farmletsa.com\/index.php\/wp-json\/wp\/v2\/media?parent=6955"}],"wp:term":[{"taxonomy":"product_cat","embeddable":true,"href":"https:\/\/farmletsa.com\/index.php\/wp-json\/wp\/v2\/product_cat?post=6955"},{"taxonomy":"product_tag","embeddable":true,"href":"https:\/\/farmletsa.com\/index.php\/wp-json\/wp\/v2\/product_tag?post=6955"}],"curies":[{"name":"wp","href":"https:\/\/api.w.org\/{rel}","templated":true}]}}