{"id":952,"date":"2013-06-07T11:02:31","date_gmt":"2013-06-07T11:02:31","guid":{"rendered":"https:\/\/farmletsa.com\/index.php\/product\/woo-ninja-2\/"},"modified":"2023-09-22T14:45:37","modified_gmt":"2023-09-22T14:45:37","slug":"floxanova-plus","status":"publish","type":"product","link":"https:\/\/farmletsa.com\/index.php\/product\/floxanova-plus\/","title":{"rendered":"Floxanova Plus"},"content":{"rendered":"","protected":false},"excerpt":{"rendered":"<p>Antibi\u00f3tico inyectable de amplio espectro y larga duraci\u00f3n con acci\u00f3n antiinflamatoria, antipir\u00e9tica y analg\u00e9sica.<\/p>\n<p><strong>Cada 100 ml contiene:<\/strong> Enrofloxacina clorhidrato 20 g, Diclofenaco s\u00f3dico 2.5 g, Excipientes c.s.p. 100 ml.<\/p>\n<p><strong>Presentaciones:<\/strong> Frascos de 50, 100 y 250 ml.<\/p>\n<p><img loading=\"lazy\" decoding=\"async\" class=\"alignnone wp-image-6650\" src=\"https:\/\/farmletsa.com\/wp-content\/uploads\/2013\/06\/4-300x61.jpg\" alt=\"\" width=\"251\" height=\"51\" srcset=\"https:\/\/farmletsa.com\/wp-content\/uploads\/2013\/06\/4-300x61.jpg 300w, https:\/\/farmletsa.com\/wp-content\/uploads\/2013\/06\/4-64x13.jpg 64w, https:\/\/farmletsa.com\/wp-content\/uploads\/2013\/06\/4.jpg 443w\" sizes=\"auto, (max-width: 251px) 100vw, 251px\" \/><\/p>\n","protected":false},"featured_media":6649,"template":"","meta":[],"product_cat":[77],"product_tag":[78],"class_list":{"0":"post-952","1":"product","2":"type-product","3":"status-publish","4":"has-post-thumbnail","6":"product_cat-antibioticos","7":"product_tag-quimtia","9":"first","10":"instock","11":"shipping-taxable","12":"product-type-simple"},"yoast_head":"<!-- This site is optimized with the Yoast SEO plugin v22.5 - https:\/\/yoast.com\/wordpress\/plugins\/seo\/ -->\n<title>Floxanova Plus -<\/title>\n<meta name=\"robots\" content=\"index, follow, max-snippet:-1, max-image-preview:large, max-video-preview:-1\" \/>\n<link rel=\"canonical\" href=\"https:\/\/farmletsa.com\/index.php\/product\/floxanova-plus\/\" \/>\n<meta property=\"og:locale\" content=\"es_ES\" \/>\n<meta property=\"og:type\" content=\"article\" \/>\n<meta property=\"og:title\" content=\"Floxanova Plus -\" \/>\n<meta property=\"og:description\" content=\"Antibi\u00f3tico inyectable de amplio espectro y larga duraci\u00f3n con acci\u00f3n antiinflamatoria, antipir\u00e9tica y analg\u00e9sica.  Cada 100 ml contiene: Enrofloxacina clorhidrato 20 g, Diclofenaco s\u00f3dico 2.5 g, Excipientes c.s.p. 100 ml.  Presentaciones: Frascos de 50, 100 y 250 ml.\" \/>\n<meta property=\"og:url\" content=\"https:\/\/farmletsa.com\/index.php\/product\/floxanova-plus\/\" \/>\n<meta property=\"article:modified_time\" content=\"2023-09-22T14:45:37+00:00\" \/>\n<meta property=\"og:image\" content=\"https:\/\/farmletsa.com\/wp-content\/uploads\/2013\/06\/3.png\" \/>\n\t<meta property=\"og:image:width\" content=\"750\" \/>\n\t<meta property=\"og:image:height\" content=\"750\" \/>\n\t<meta property=\"og:image:type\" content=\"image\/png\" \/>\n<meta name=\"twitter:card\" content=\"summary_large_image\" \/>\n<script type=\"application\/ld+json\" class=\"yoast-schema-graph\">{\"@context\":\"https:\/\/schema.org\",\"@graph\":[{\"@type\":\"WebPage\",\"@id\":\"https:\/\/farmletsa.com\/index.php\/product\/floxanova-plus\/\",\"url\":\"https:\/\/farmletsa.com\/index.php\/product\/floxanova-plus\/\",\"name\":\"Floxanova Plus -\",\"isPartOf\":{\"@id\":\"https:\/\/farmletsa.com\/#website\"},\"primaryImageOfPage\":{\"@id\":\"https:\/\/farmletsa.com\/index.php\/product\/floxanova-plus\/#primaryimage\"},\"image\":{\"@id\":\"https:\/\/farmletsa.com\/index.php\/product\/floxanova-plus\/#primaryimage\"},\"thumbnailUrl\":\"https:\/\/farmletsa.com\/wp-content\/uploads\/2013\/06\/3.png\",\"datePublished\":\"2013-06-07T11:02:31+00:00\",\"dateModified\":\"2023-09-22T14:45:37+00:00\",\"breadcrumb\":{\"@id\":\"https:\/\/farmletsa.com\/index.php\/product\/floxanova-plus\/#breadcrumb\"},\"inLanguage\":\"es\",\"potentialAction\":[{\"@type\":\"ReadAction\",\"target\":[\"https:\/\/farmletsa.com\/index.php\/product\/floxanova-plus\/\"]}]},{\"@type\":\"ImageObject\",\"inLanguage\":\"es\",\"@id\":\"https:\/\/farmletsa.com\/index.php\/product\/floxanova-plus\/#primaryimage\",\"url\":\"https:\/\/farmletsa.com\/wp-content\/uploads\/2013\/06\/3.png\",\"contentUrl\":\"https:\/\/farmletsa.com\/wp-content\/uploads\/2013\/06\/3.png\",\"width\":750,\"height\":750},{\"@type\":\"BreadcrumbList\",\"@id\":\"https:\/\/farmletsa.com\/index.php\/product\/floxanova-plus\/#breadcrumb\",\"itemListElement\":[{\"@type\":\"ListItem\",\"position\":1,\"name\":\"Portada\",\"item\":\"https:\/\/farmletsa.com\/\"},{\"@type\":\"ListItem\",\"position\":2,\"name\":\"Cat\u00e1logo\",\"item\":\"https:\/\/farmletsa.com\/index.php\/catalogo\/\"},{\"@type\":\"ListItem\",\"position\":3,\"name\":\"Floxanova Plus\"}]},{\"@type\":\"WebSite\",\"@id\":\"https:\/\/farmletsa.com\/#website\",\"url\":\"https:\/\/farmletsa.com\/\",\"name\":\"Farmletsa\",\"description\":\"\",\"publisher\":{\"@id\":\"https:\/\/farmletsa.com\/#organization\"},\"potentialAction\":[{\"@type\":\"SearchAction\",\"target\":{\"@type\":\"EntryPoint\",\"urlTemplate\":\"https:\/\/farmletsa.com\/?s={search_term_string}\"},\"query-input\":\"required name=search_term_string\"}],\"inLanguage\":\"es\"},{\"@type\":\"Organization\",\"@id\":\"https:\/\/farmletsa.com\/#organization\",\"name\":\"Farmletsa\",\"url\":\"https:\/\/farmletsa.com\/\",\"logo\":{\"@type\":\"ImageObject\",\"inLanguage\":\"es\",\"@id\":\"https:\/\/farmletsa.com\/#\/schema\/logo\/image\/\",\"url\":\"https:\/\/farmletsa.com\/wp-content\/uploads\/2023\/09\/cow-copia.webp\",\"contentUrl\":\"https:\/\/farmletsa.com\/wp-content\/uploads\/2023\/09\/cow-copia.webp\",\"width\":500,\"height\":700,\"caption\":\"Farmletsa\"},\"image\":{\"@id\":\"https:\/\/farmletsa.com\/#\/schema\/logo\/image\/\"}}]}<\/script>\n<!-- \/ Yoast SEO plugin. -->","yoast_head_json":{"title":"Floxanova Plus -","robots":{"index":"index","follow":"follow","max-snippet":"max-snippet:-1","max-image-preview":"max-image-preview:large","max-video-preview":"max-video-preview:-1"},"canonical":"https:\/\/farmletsa.com\/index.php\/product\/floxanova-plus\/","og_locale":"es_ES","og_type":"article","og_title":"Floxanova Plus -","og_description":"Antibi\u00f3tico inyectable de amplio espectro y larga duraci\u00f3n con acci\u00f3n antiinflamatoria, antipir\u00e9tica y analg\u00e9sica.  Cada 100 ml contiene: Enrofloxacina clorhidrato 20 g, Diclofenaco s\u00f3dico 2.5 g, Excipientes c.s.p. 100 ml.  Presentaciones: Frascos de 50, 100 y 250 ml.","og_url":"https:\/\/farmletsa.com\/index.php\/product\/floxanova-plus\/","article_modified_time":"2023-09-22T14:45:37+00:00","og_image":[{"width":750,"height":750,"url":"https:\/\/farmletsa.com\/wp-content\/uploads\/2013\/06\/3.png","type":"image\/png"}],"twitter_card":"summary_large_image","schema":{"@context":"https:\/\/schema.org","@graph":[{"@type":"WebPage","@id":"https:\/\/farmletsa.com\/index.php\/product\/floxanova-plus\/","url":"https:\/\/farmletsa.com\/index.php\/product\/floxanova-plus\/","name":"Floxanova Plus -","isPartOf":{"@id":"https:\/\/farmletsa.com\/#website"},"primaryImageOfPage":{"@id":"https:\/\/farmletsa.com\/index.php\/product\/floxanova-plus\/#primaryimage"},"image":{"@id":"https:\/\/farmletsa.com\/index.php\/product\/floxanova-plus\/#primaryimage"},"thumbnailUrl":"https:\/\/farmletsa.com\/wp-content\/uploads\/2013\/06\/3.png","datePublished":"2013-06-07T11:02:31+00:00","dateModified":"2023-09-22T14:45:37+00:00","breadcrumb":{"@id":"https:\/\/farmletsa.com\/index.php\/product\/floxanova-plus\/#breadcrumb"},"inLanguage":"es","potentialAction":[{"@type":"ReadAction","target":["https:\/\/farmletsa.com\/index.php\/product\/floxanova-plus\/"]}]},{"@type":"ImageObject","inLanguage":"es","@id":"https:\/\/farmletsa.com\/index.php\/product\/floxanova-plus\/#primaryimage","url":"https:\/\/farmletsa.com\/wp-content\/uploads\/2013\/06\/3.png","contentUrl":"https:\/\/farmletsa.com\/wp-content\/uploads\/2013\/06\/3.png","width":750,"height":750},{"@type":"BreadcrumbList","@id":"https:\/\/farmletsa.com\/index.php\/product\/floxanova-plus\/#breadcrumb","itemListElement":[{"@type":"ListItem","position":1,"name":"Portada","item":"https:\/\/farmletsa.com\/"},{"@type":"ListItem","position":2,"name":"Cat\u00e1logo","item":"https:\/\/farmletsa.com\/index.php\/catalogo\/"},{"@type":"ListItem","position":3,"name":"Floxanova Plus"}]},{"@type":"WebSite","@id":"https:\/\/farmletsa.com\/#website","url":"https:\/\/farmletsa.com\/","name":"Farmletsa","description":"","publisher":{"@id":"https:\/\/farmletsa.com\/#organization"},"potentialAction":[{"@type":"SearchAction","target":{"@type":"EntryPoint","urlTemplate":"https:\/\/farmletsa.com\/?s={search_term_string}"},"query-input":"required name=search_term_string"}],"inLanguage":"es"},{"@type":"Organization","@id":"https:\/\/farmletsa.com\/#organization","name":"Farmletsa","url":"https:\/\/farmletsa.com\/","logo":{"@type":"ImageObject","inLanguage":"es","@id":"https:\/\/farmletsa.com\/#\/schema\/logo\/image\/","url":"https:\/\/farmletsa.com\/wp-content\/uploads\/2023\/09\/cow-copia.webp","contentUrl":"https:\/\/farmletsa.com\/wp-content\/uploads\/2023\/09\/cow-copia.webp","width":500,"height":700,"caption":"Farmletsa"},"image":{"@id":"https:\/\/farmletsa.com\/#\/schema\/logo\/image\/"}}]}},"_links":{"self":[{"href":"https:\/\/farmletsa.com\/index.php\/wp-json\/wp\/v2\/product\/952","targetHints":{"allow":["GET"]}}],"collection":[{"href":"https:\/\/farmletsa.com\/index.php\/wp-json\/wp\/v2\/product"}],"about":[{"href":"https:\/\/farmletsa.com\/index.php\/wp-json\/wp\/v2\/types\/product"}],"wp:featuredmedia":[{"embeddable":true,"href":"https:\/\/farmletsa.com\/index.php\/wp-json\/wp\/v2\/media\/6649"}],"wp:attachment":[{"href":"https:\/\/farmletsa.com\/index.php\/wp-json\/wp\/v2\/media?parent=952"}],"wp:term":[{"taxonomy":"product_cat","embeddable":true,"href":"https:\/\/farmletsa.com\/index.php\/wp-json\/wp\/v2\/product_cat?post=952"},{"taxonomy":"product_tag","embeddable":true,"href":"https:\/\/farmletsa.com\/index.php\/wp-json\/wp\/v2\/product_tag?post=952"}],"curies":[{"name":"wp","href":"https:\/\/api.w.org\/{rel}","templated":true}]}}