{"id":956,"date":"2013-06-07T11:12:55","date_gmt":"2013-06-07T11:12:55","guid":{"rendered":"https:\/\/farmletsa.com\/index.php\/product\/packaging-mockup-psd\/"},"modified":"2023-09-22T16:19:42","modified_gmt":"2023-09-22T16:19:42","slug":"flunixina-inyectable-ucb","status":"publish","type":"product","link":"https:\/\/farmletsa.com\/index.php\/product\/flunixina-inyectable-ucb\/","title":{"rendered":"Flunixina Inyectable UCB"},"content":{"rendered":"","protected":false},"excerpt":{"rendered":"<p>Potente antiinflamatorio no esteroidal con actividad analg\u00e9sica y antipir\u00e9tica, indicado para bovinos, equinos y porcinos.<\/p>\n<p><strong>Cada ml contiene:<\/strong> Megluminato de flunixina 91,243 mg, Veh\u00edculo qsp 1ml.<\/p>\n<p>* Equivalente a 55 mg de Flunixina base.<\/p>\n<p><strong>Presentaciones:<\/strong> Frascos de 10, 50 y 100ml.<\/p>\n<p><img loading=\"lazy\" decoding=\"async\" class=\"alignnone wp-image-6692\" src=\"https:\/\/farmletsa.com\/wp-content\/uploads\/2013\/06\/aa.jpg\" alt=\"\" width=\"150\" height=\"61\" srcset=\"https:\/\/farmletsa.com\/wp-content\/uploads\/2013\/06\/aa.jpg 222w, https:\/\/farmletsa.com\/wp-content\/uploads\/2013\/06\/aa-64x26.jpg 64w\" sizes=\"auto, (max-width: 150px) 100vw, 150px\" \/><\/p>\n","protected":false},"featured_media":6691,"template":"","meta":[],"product_cat":[81,90],"product_tag":[79],"class_list":{"0":"post-956","1":"product","2":"type-product","3":"status-publish","4":"has-post-thumbnail","6":"product_cat-analgesicos-y-antiinflamatorios","7":"product_cat-analgesicos-y-antiinflamatorios-mascotas","8":"product_tag-ucbvet","10":"first","11":"instock","12":"shipping-taxable","13":"product-type-simple"},"yoast_head":"<!-- This site is optimized with the Yoast SEO plugin v22.5 - https:\/\/yoast.com\/wordpress\/plugins\/seo\/ -->\n<title>Flunixina Inyectable UCB -<\/title>\n<meta name=\"robots\" content=\"index, follow, max-snippet:-1, max-image-preview:large, max-video-preview:-1\" \/>\n<link rel=\"canonical\" href=\"https:\/\/farmletsa.com\/index.php\/product\/flunixina-inyectable-ucb\/\" \/>\n<meta property=\"og:locale\" content=\"es_ES\" \/>\n<meta property=\"og:type\" content=\"article\" \/>\n<meta property=\"og:title\" content=\"Flunixina Inyectable UCB -\" \/>\n<meta property=\"og:description\" content=\"Potente antiinflamatorio no esteroidal con actividad analg\u00e9sica y antipir\u00e9tica, indicado para bovinos, equinos y porcinos.  Cada ml contiene: Megluminato de flunixina 91,243 mg, Veh\u00edculo qsp 1ml.  * Equivalente a 55 mg de Flunixina base.  Presentaciones: Frascos de 10, 50 y 100ml.\" \/>\n<meta property=\"og:url\" content=\"https:\/\/farmletsa.com\/index.php\/product\/flunixina-inyectable-ucb\/\" \/>\n<meta property=\"article:modified_time\" content=\"2023-09-22T16:19:42+00:00\" \/>\n<meta property=\"og:image\" content=\"https:\/\/farmletsa.com\/wp-content\/uploads\/2013\/06\/xc.png\" \/>\n\t<meta property=\"og:image:width\" content=\"750\" \/>\n\t<meta property=\"og:image:height\" content=\"750\" \/>\n\t<meta property=\"og:image:type\" content=\"image\/png\" \/>\n<meta name=\"twitter:card\" content=\"summary_large_image\" \/>\n<script type=\"application\/ld+json\" class=\"yoast-schema-graph\">{\"@context\":\"https:\/\/schema.org\",\"@graph\":[{\"@type\":\"WebPage\",\"@id\":\"https:\/\/farmletsa.com\/index.php\/product\/flunixina-inyectable-ucb\/\",\"url\":\"https:\/\/farmletsa.com\/index.php\/product\/flunixina-inyectable-ucb\/\",\"name\":\"Flunixina Inyectable UCB -\",\"isPartOf\":{\"@id\":\"https:\/\/farmletsa.com\/#website\"},\"primaryImageOfPage\":{\"@id\":\"https:\/\/farmletsa.com\/index.php\/product\/flunixina-inyectable-ucb\/#primaryimage\"},\"image\":{\"@id\":\"https:\/\/farmletsa.com\/index.php\/product\/flunixina-inyectable-ucb\/#primaryimage\"},\"thumbnailUrl\":\"https:\/\/farmletsa.com\/wp-content\/uploads\/2013\/06\/xc.png\",\"datePublished\":\"2013-06-07T11:12:55+00:00\",\"dateModified\":\"2023-09-22T16:19:42+00:00\",\"breadcrumb\":{\"@id\":\"https:\/\/farmletsa.com\/index.php\/product\/flunixina-inyectable-ucb\/#breadcrumb\"},\"inLanguage\":\"es\",\"potentialAction\":[{\"@type\":\"ReadAction\",\"target\":[\"https:\/\/farmletsa.com\/index.php\/product\/flunixina-inyectable-ucb\/\"]}]},{\"@type\":\"ImageObject\",\"inLanguage\":\"es\",\"@id\":\"https:\/\/farmletsa.com\/index.php\/product\/flunixina-inyectable-ucb\/#primaryimage\",\"url\":\"https:\/\/farmletsa.com\/wp-content\/uploads\/2013\/06\/xc.png\",\"contentUrl\":\"https:\/\/farmletsa.com\/wp-content\/uploads\/2013\/06\/xc.png\",\"width\":750,\"height\":750},{\"@type\":\"BreadcrumbList\",\"@id\":\"https:\/\/farmletsa.com\/index.php\/product\/flunixina-inyectable-ucb\/#breadcrumb\",\"itemListElement\":[{\"@type\":\"ListItem\",\"position\":1,\"name\":\"Portada\",\"item\":\"https:\/\/farmletsa.com\/\"},{\"@type\":\"ListItem\",\"position\":2,\"name\":\"Cat\u00e1logo\",\"item\":\"https:\/\/farmletsa.com\/index.php\/catalogo\/\"},{\"@type\":\"ListItem\",\"position\":3,\"name\":\"Flunixina Inyectable UCB\"}]},{\"@type\":\"WebSite\",\"@id\":\"https:\/\/farmletsa.com\/#website\",\"url\":\"https:\/\/farmletsa.com\/\",\"name\":\"Farmletsa\",\"description\":\"\",\"publisher\":{\"@id\":\"https:\/\/farmletsa.com\/#organization\"},\"potentialAction\":[{\"@type\":\"SearchAction\",\"target\":{\"@type\":\"EntryPoint\",\"urlTemplate\":\"https:\/\/farmletsa.com\/?s={search_term_string}\"},\"query-input\":\"required name=search_term_string\"}],\"inLanguage\":\"es\"},{\"@type\":\"Organization\",\"@id\":\"https:\/\/farmletsa.com\/#organization\",\"name\":\"Farmletsa\",\"url\":\"https:\/\/farmletsa.com\/\",\"logo\":{\"@type\":\"ImageObject\",\"inLanguage\":\"es\",\"@id\":\"https:\/\/farmletsa.com\/#\/schema\/logo\/image\/\",\"url\":\"https:\/\/farmletsa.com\/wp-content\/uploads\/2023\/09\/cow-copia.webp\",\"contentUrl\":\"https:\/\/farmletsa.com\/wp-content\/uploads\/2023\/09\/cow-copia.webp\",\"width\":500,\"height\":700,\"caption\":\"Farmletsa\"},\"image\":{\"@id\":\"https:\/\/farmletsa.com\/#\/schema\/logo\/image\/\"}}]}<\/script>\n<!-- \/ Yoast SEO plugin. -->","yoast_head_json":{"title":"Flunixina Inyectable UCB -","robots":{"index":"index","follow":"follow","max-snippet":"max-snippet:-1","max-image-preview":"max-image-preview:large","max-video-preview":"max-video-preview:-1"},"canonical":"https:\/\/farmletsa.com\/index.php\/product\/flunixina-inyectable-ucb\/","og_locale":"es_ES","og_type":"article","og_title":"Flunixina Inyectable UCB -","og_description":"Potente antiinflamatorio no esteroidal con actividad analg\u00e9sica y antipir\u00e9tica, indicado para bovinos, equinos y porcinos.  Cada ml contiene: Megluminato de flunixina 91,243 mg, Veh\u00edculo qsp 1ml.  * Equivalente a 55 mg de Flunixina base.  Presentaciones: Frascos de 10, 50 y 100ml.","og_url":"https:\/\/farmletsa.com\/index.php\/product\/flunixina-inyectable-ucb\/","article_modified_time":"2023-09-22T16:19:42+00:00","og_image":[{"width":750,"height":750,"url":"https:\/\/farmletsa.com\/wp-content\/uploads\/2013\/06\/xc.png","type":"image\/png"}],"twitter_card":"summary_large_image","schema":{"@context":"https:\/\/schema.org","@graph":[{"@type":"WebPage","@id":"https:\/\/farmletsa.com\/index.php\/product\/flunixina-inyectable-ucb\/","url":"https:\/\/farmletsa.com\/index.php\/product\/flunixina-inyectable-ucb\/","name":"Flunixina Inyectable UCB -","isPartOf":{"@id":"https:\/\/farmletsa.com\/#website"},"primaryImageOfPage":{"@id":"https:\/\/farmletsa.com\/index.php\/product\/flunixina-inyectable-ucb\/#primaryimage"},"image":{"@id":"https:\/\/farmletsa.com\/index.php\/product\/flunixina-inyectable-ucb\/#primaryimage"},"thumbnailUrl":"https:\/\/farmletsa.com\/wp-content\/uploads\/2013\/06\/xc.png","datePublished":"2013-06-07T11:12:55+00:00","dateModified":"2023-09-22T16:19:42+00:00","breadcrumb":{"@id":"https:\/\/farmletsa.com\/index.php\/product\/flunixina-inyectable-ucb\/#breadcrumb"},"inLanguage":"es","potentialAction":[{"@type":"ReadAction","target":["https:\/\/farmletsa.com\/index.php\/product\/flunixina-inyectable-ucb\/"]}]},{"@type":"ImageObject","inLanguage":"es","@id":"https:\/\/farmletsa.com\/index.php\/product\/flunixina-inyectable-ucb\/#primaryimage","url":"https:\/\/farmletsa.com\/wp-content\/uploads\/2013\/06\/xc.png","contentUrl":"https:\/\/farmletsa.com\/wp-content\/uploads\/2013\/06\/xc.png","width":750,"height":750},{"@type":"BreadcrumbList","@id":"https:\/\/farmletsa.com\/index.php\/product\/flunixina-inyectable-ucb\/#breadcrumb","itemListElement":[{"@type":"ListItem","position":1,"name":"Portada","item":"https:\/\/farmletsa.com\/"},{"@type":"ListItem","position":2,"name":"Cat\u00e1logo","item":"https:\/\/farmletsa.com\/index.php\/catalogo\/"},{"@type":"ListItem","position":3,"name":"Flunixina Inyectable UCB"}]},{"@type":"WebSite","@id":"https:\/\/farmletsa.com\/#website","url":"https:\/\/farmletsa.com\/","name":"Farmletsa","description":"","publisher":{"@id":"https:\/\/farmletsa.com\/#organization"},"potentialAction":[{"@type":"SearchAction","target":{"@type":"EntryPoint","urlTemplate":"https:\/\/farmletsa.com\/?s={search_term_string}"},"query-input":"required name=search_term_string"}],"inLanguage":"es"},{"@type":"Organization","@id":"https:\/\/farmletsa.com\/#organization","name":"Farmletsa","url":"https:\/\/farmletsa.com\/","logo":{"@type":"ImageObject","inLanguage":"es","@id":"https:\/\/farmletsa.com\/#\/schema\/logo\/image\/","url":"https:\/\/farmletsa.com\/wp-content\/uploads\/2023\/09\/cow-copia.webp","contentUrl":"https:\/\/farmletsa.com\/wp-content\/uploads\/2023\/09\/cow-copia.webp","width":500,"height":700,"caption":"Farmletsa"},"image":{"@id":"https:\/\/farmletsa.com\/#\/schema\/logo\/image\/"}}]}},"_links":{"self":[{"href":"https:\/\/farmletsa.com\/index.php\/wp-json\/wp\/v2\/product\/956","targetHints":{"allow":["GET"]}}],"collection":[{"href":"https:\/\/farmletsa.com\/index.php\/wp-json\/wp\/v2\/product"}],"about":[{"href":"https:\/\/farmletsa.com\/index.php\/wp-json\/wp\/v2\/types\/product"}],"wp:featuredmedia":[{"embeddable":true,"href":"https:\/\/farmletsa.com\/index.php\/wp-json\/wp\/v2\/media\/6691"}],"wp:attachment":[{"href":"https:\/\/farmletsa.com\/index.php\/wp-json\/wp\/v2\/media?parent=956"}],"wp:term":[{"taxonomy":"product_cat","embeddable":true,"href":"https:\/\/farmletsa.com\/index.php\/wp-json\/wp\/v2\/product_cat?post=956"},{"taxonomy":"product_tag","embeddable":true,"href":"https:\/\/farmletsa.com\/index.php\/wp-json\/wp\/v2\/product_tag?post=956"}],"curies":[{"name":"wp","href":"https:\/\/api.w.org\/{rel}","templated":true}]}}