{"id":960,"date":"2013-06-07T11:28:45","date_gmt":"2013-06-07T11:28:45","guid":{"rendered":"https:\/\/farmletsa.com\/index.php\/product\/organic-coffee-masuri-red\/"},"modified":"2023-09-22T16:20:46","modified_gmt":"2023-09-22T16:20:46","slug":"febril","status":"publish","type":"product","link":"https:\/\/farmletsa.com\/index.php\/product\/febril\/","title":{"rendered":"Febril"},"content":{"rendered":"","protected":false},"excerpt":{"rendered":"<p>Potente acci\u00f3n antiinflamatoria, antipir\u00e9tica, analg\u00e9sica y antiespasm\u00f3dica. Se usa en cuadros infecciosos que cursan con fiebre, cuadros dolorosos de tipo agudo, cr\u00f3nico, tumoral y cuadros espasm\u00f3dicos de origen digestivo (c\u00f3licos).<\/p>\n<p><strong>Cada 1 ml contiene:<\/strong> Metamizol s\u00f3dico (dipirona) 500mg, Excipiente c.s.p. 1ml<\/p>\n<p><strong>Presentaciones:<\/strong> Frascos de 100 ml.<\/p>\n<p><img loading=\"lazy\" decoding=\"async\" class=\"alignnone size-medium wp-image-6675\" src=\"https:\/\/farmletsa.com\/wp-content\/uploads\/2013\/06\/ffg-300x61.jpg\" alt=\"\" width=\"300\" height=\"61\" srcset=\"https:\/\/farmletsa.com\/wp-content\/uploads\/2013\/06\/ffg-300x61.jpg 300w, https:\/\/farmletsa.com\/wp-content\/uploads\/2013\/06\/ffg-64x13.jpg 64w, https:\/\/farmletsa.com\/wp-content\/uploads\/2013\/06\/ffg.jpg 443w\" sizes=\"auto, (max-width: 300px) 100vw, 300px\" \/><\/p>\n","protected":false},"featured_media":6674,"template":"","meta":[],"product_cat":[81,90],"product_tag":[78],"class_list":{"0":"post-960","1":"product","2":"type-product","3":"status-publish","4":"has-post-thumbnail","6":"product_cat-analgesicos-y-antiinflamatorios","7":"product_cat-analgesicos-y-antiinflamatorios-mascotas","8":"product_tag-quimtia","10":"first","11":"instock","12":"shipping-taxable","13":"product-type-simple"},"yoast_head":"<!-- This site is optimized with the Yoast SEO plugin v22.5 - https:\/\/yoast.com\/wordpress\/plugins\/seo\/ -->\n<title>Febril -<\/title>\n<meta name=\"robots\" content=\"index, follow, max-snippet:-1, max-image-preview:large, max-video-preview:-1\" \/>\n<link rel=\"canonical\" href=\"https:\/\/farmletsa.com\/index.php\/product\/febril\/\" \/>\n<meta property=\"og:locale\" content=\"es_ES\" \/>\n<meta property=\"og:type\" content=\"article\" \/>\n<meta property=\"og:title\" content=\"Febril -\" \/>\n<meta property=\"og:description\" content=\"Potente acci\u00f3n antiinflamatoria, antipir\u00e9tica, analg\u00e9sica y antiespasm\u00f3dica. Se usa en cuadros infecciosos que cursan con fiebre, cuadros dolorosos de tipo agudo, cr\u00f3nico, tumoral y cuadros espasm\u00f3dicos de origen digestivo (c\u00f3licos).  Cada 1 ml contiene: Metamizol s\u00f3dico (dipirona) 500mg, Excipiente c.s.p. 1ml  Presentaciones: Frascos de 100 ml.\" \/>\n<meta property=\"og:url\" content=\"https:\/\/farmletsa.com\/index.php\/product\/febril\/\" \/>\n<meta property=\"article:modified_time\" content=\"2023-09-22T16:20:46+00:00\" \/>\n<meta property=\"og:image\" content=\"https:\/\/farmletsa.com\/wp-content\/uploads\/2013\/06\/fe.png\" \/>\n\t<meta property=\"og:image:width\" content=\"750\" \/>\n\t<meta property=\"og:image:height\" content=\"750\" \/>\n\t<meta property=\"og:image:type\" content=\"image\/png\" \/>\n<meta name=\"twitter:card\" content=\"summary_large_image\" \/>\n<script type=\"application\/ld+json\" class=\"yoast-schema-graph\">{\"@context\":\"https:\/\/schema.org\",\"@graph\":[{\"@type\":\"WebPage\",\"@id\":\"https:\/\/farmletsa.com\/index.php\/product\/febril\/\",\"url\":\"https:\/\/farmletsa.com\/index.php\/product\/febril\/\",\"name\":\"Febril -\",\"isPartOf\":{\"@id\":\"https:\/\/farmletsa.com\/#website\"},\"primaryImageOfPage\":{\"@id\":\"https:\/\/farmletsa.com\/index.php\/product\/febril\/#primaryimage\"},\"image\":{\"@id\":\"https:\/\/farmletsa.com\/index.php\/product\/febril\/#primaryimage\"},\"thumbnailUrl\":\"https:\/\/farmletsa.com\/wp-content\/uploads\/2013\/06\/fe.png\",\"datePublished\":\"2013-06-07T11:28:45+00:00\",\"dateModified\":\"2023-09-22T16:20:46+00:00\",\"breadcrumb\":{\"@id\":\"https:\/\/farmletsa.com\/index.php\/product\/febril\/#breadcrumb\"},\"inLanguage\":\"es\",\"potentialAction\":[{\"@type\":\"ReadAction\",\"target\":[\"https:\/\/farmletsa.com\/index.php\/product\/febril\/\"]}]},{\"@type\":\"ImageObject\",\"inLanguage\":\"es\",\"@id\":\"https:\/\/farmletsa.com\/index.php\/product\/febril\/#primaryimage\",\"url\":\"https:\/\/farmletsa.com\/wp-content\/uploads\/2013\/06\/fe.png\",\"contentUrl\":\"https:\/\/farmletsa.com\/wp-content\/uploads\/2013\/06\/fe.png\",\"width\":750,\"height\":750},{\"@type\":\"BreadcrumbList\",\"@id\":\"https:\/\/farmletsa.com\/index.php\/product\/febril\/#breadcrumb\",\"itemListElement\":[{\"@type\":\"ListItem\",\"position\":1,\"name\":\"Portada\",\"item\":\"https:\/\/farmletsa.com\/\"},{\"@type\":\"ListItem\",\"position\":2,\"name\":\"Cat\u00e1logo\",\"item\":\"https:\/\/farmletsa.com\/index.php\/catalogo\/\"},{\"@type\":\"ListItem\",\"position\":3,\"name\":\"Febril\"}]},{\"@type\":\"WebSite\",\"@id\":\"https:\/\/farmletsa.com\/#website\",\"url\":\"https:\/\/farmletsa.com\/\",\"name\":\"Farmletsa\",\"description\":\"\",\"publisher\":{\"@id\":\"https:\/\/farmletsa.com\/#organization\"},\"potentialAction\":[{\"@type\":\"SearchAction\",\"target\":{\"@type\":\"EntryPoint\",\"urlTemplate\":\"https:\/\/farmletsa.com\/?s={search_term_string}\"},\"query-input\":\"required name=search_term_string\"}],\"inLanguage\":\"es\"},{\"@type\":\"Organization\",\"@id\":\"https:\/\/farmletsa.com\/#organization\",\"name\":\"Farmletsa\",\"url\":\"https:\/\/farmletsa.com\/\",\"logo\":{\"@type\":\"ImageObject\",\"inLanguage\":\"es\",\"@id\":\"https:\/\/farmletsa.com\/#\/schema\/logo\/image\/\",\"url\":\"https:\/\/farmletsa.com\/wp-content\/uploads\/2023\/09\/cow-copia.webp\",\"contentUrl\":\"https:\/\/farmletsa.com\/wp-content\/uploads\/2023\/09\/cow-copia.webp\",\"width\":500,\"height\":700,\"caption\":\"Farmletsa\"},\"image\":{\"@id\":\"https:\/\/farmletsa.com\/#\/schema\/logo\/image\/\"}}]}<\/script>\n<!-- \/ Yoast SEO plugin. -->","yoast_head_json":{"title":"Febril -","robots":{"index":"index","follow":"follow","max-snippet":"max-snippet:-1","max-image-preview":"max-image-preview:large","max-video-preview":"max-video-preview:-1"},"canonical":"https:\/\/farmletsa.com\/index.php\/product\/febril\/","og_locale":"es_ES","og_type":"article","og_title":"Febril -","og_description":"Potente acci\u00f3n antiinflamatoria, antipir\u00e9tica, analg\u00e9sica y antiespasm\u00f3dica. Se usa en cuadros infecciosos que cursan con fiebre, cuadros dolorosos de tipo agudo, cr\u00f3nico, tumoral y cuadros espasm\u00f3dicos de origen digestivo (c\u00f3licos).  Cada 1 ml contiene: Metamizol s\u00f3dico (dipirona) 500mg, Excipiente c.s.p. 1ml  Presentaciones: Frascos de 100 ml.","og_url":"https:\/\/farmletsa.com\/index.php\/product\/febril\/","article_modified_time":"2023-09-22T16:20:46+00:00","og_image":[{"width":750,"height":750,"url":"https:\/\/farmletsa.com\/wp-content\/uploads\/2013\/06\/fe.png","type":"image\/png"}],"twitter_card":"summary_large_image","schema":{"@context":"https:\/\/schema.org","@graph":[{"@type":"WebPage","@id":"https:\/\/farmletsa.com\/index.php\/product\/febril\/","url":"https:\/\/farmletsa.com\/index.php\/product\/febril\/","name":"Febril -","isPartOf":{"@id":"https:\/\/farmletsa.com\/#website"},"primaryImageOfPage":{"@id":"https:\/\/farmletsa.com\/index.php\/product\/febril\/#primaryimage"},"image":{"@id":"https:\/\/farmletsa.com\/index.php\/product\/febril\/#primaryimage"},"thumbnailUrl":"https:\/\/farmletsa.com\/wp-content\/uploads\/2013\/06\/fe.png","datePublished":"2013-06-07T11:28:45+00:00","dateModified":"2023-09-22T16:20:46+00:00","breadcrumb":{"@id":"https:\/\/farmletsa.com\/index.php\/product\/febril\/#breadcrumb"},"inLanguage":"es","potentialAction":[{"@type":"ReadAction","target":["https:\/\/farmletsa.com\/index.php\/product\/febril\/"]}]},{"@type":"ImageObject","inLanguage":"es","@id":"https:\/\/farmletsa.com\/index.php\/product\/febril\/#primaryimage","url":"https:\/\/farmletsa.com\/wp-content\/uploads\/2013\/06\/fe.png","contentUrl":"https:\/\/farmletsa.com\/wp-content\/uploads\/2013\/06\/fe.png","width":750,"height":750},{"@type":"BreadcrumbList","@id":"https:\/\/farmletsa.com\/index.php\/product\/febril\/#breadcrumb","itemListElement":[{"@type":"ListItem","position":1,"name":"Portada","item":"https:\/\/farmletsa.com\/"},{"@type":"ListItem","position":2,"name":"Cat\u00e1logo","item":"https:\/\/farmletsa.com\/index.php\/catalogo\/"},{"@type":"ListItem","position":3,"name":"Febril"}]},{"@type":"WebSite","@id":"https:\/\/farmletsa.com\/#website","url":"https:\/\/farmletsa.com\/","name":"Farmletsa","description":"","publisher":{"@id":"https:\/\/farmletsa.com\/#organization"},"potentialAction":[{"@type":"SearchAction","target":{"@type":"EntryPoint","urlTemplate":"https:\/\/farmletsa.com\/?s={search_term_string}"},"query-input":"required name=search_term_string"}],"inLanguage":"es"},{"@type":"Organization","@id":"https:\/\/farmletsa.com\/#organization","name":"Farmletsa","url":"https:\/\/farmletsa.com\/","logo":{"@type":"ImageObject","inLanguage":"es","@id":"https:\/\/farmletsa.com\/#\/schema\/logo\/image\/","url":"https:\/\/farmletsa.com\/wp-content\/uploads\/2023\/09\/cow-copia.webp","contentUrl":"https:\/\/farmletsa.com\/wp-content\/uploads\/2023\/09\/cow-copia.webp","width":500,"height":700,"caption":"Farmletsa"},"image":{"@id":"https:\/\/farmletsa.com\/#\/schema\/logo\/image\/"}}]}},"_links":{"self":[{"href":"https:\/\/farmletsa.com\/index.php\/wp-json\/wp\/v2\/product\/960","targetHints":{"allow":["GET"]}}],"collection":[{"href":"https:\/\/farmletsa.com\/index.php\/wp-json\/wp\/v2\/product"}],"about":[{"href":"https:\/\/farmletsa.com\/index.php\/wp-json\/wp\/v2\/types\/product"}],"wp:featuredmedia":[{"embeddable":true,"href":"https:\/\/farmletsa.com\/index.php\/wp-json\/wp\/v2\/media\/6674"}],"wp:attachment":[{"href":"https:\/\/farmletsa.com\/index.php\/wp-json\/wp\/v2\/media?parent=960"}],"wp:term":[{"taxonomy":"product_cat","embeddable":true,"href":"https:\/\/farmletsa.com\/index.php\/wp-json\/wp\/v2\/product_cat?post=960"},{"taxonomy":"product_tag","embeddable":true,"href":"https:\/\/farmletsa.com\/index.php\/wp-json\/wp\/v2\/product_tag?post=960"}],"curies":[{"name":"wp","href":"https:\/\/api.w.org\/{rel}","templated":true}]}}